{"id":14718,"date":"2016-09-21T04:19:12","date_gmt":"2016-09-21T02:19:12","guid":{"rendered":"http:\/\/www.vindjeu.eu\/?page_id=14718"},"modified":"2016-09-21T04:19:12","modified_gmt":"2016-09-21T02:19:12","slug":"vin-djeu-dlannee-des-lecteurs-2016","status":"publish","type":"page","link":"https:\/\/www.vindjeu.eu\/prd\/vin-djeu-dlannee-des-lecteurs-2016\/","title":{"rendered":"Vin d&rsquo;jeu d&rsquo;l&rsquo;ann\u00e9e des lecteurs 2016"},"content":{"rendered":"<h2>Vin d&rsquo;Jeu de l&rsquo;ann\u00e9e 2016 &#8211; Vote des lecteurs<\/h2>\n<p>L&rsquo;\u00e9lection est cl\u00f4tur\u00e9e depuis le 19 septembre 2016.  Voici le r\u00e9sultat final.<br \/>\n&nbsp;<\/p>\n<table style=\"width: 100%;\">\n<tbody>\n<tr>\n<th style=\"padding: 5px; background-color: #181735; color: #ffffff;\">Position<\/th>\n<th style=\"padding: 5px; background-color: #181735; color: #ffffff; text-align: left;\">Jeu<\/th>\n<th style=\"padding: 5px; background-color: #181735; color: #ffffff;\">Points<\/th>\n<\/tr>\n<tr>\n<td style=\"text-align: center;\">1<\/td>\n<td style=\"text-align: left;\"><a href=\"http:\/\/www.vindjeu.eu\/2015\/12\/22\/7-wonders-duel\/\">7 Wonders Duel<\/a> [296 votes]<\/td>\n<td style=\"text-align: center;\">1128<\/td>\n<\/tr>\n<tr>\n<td style=\"text-align: center;\">2<\/td>\n<td style=\"text-align: left;\"><a href=\"http:\/\/www.vindjeu.eu\/2016\/04\/07\/mombasa\/\">Mombasa<\/a> [157 votes]<\/td>\n<td style=\"text-align: center;\">621<\/td>\n<\/tr>\n<tr>\n<td style=\"text-align: center;\">3<\/td>\n<td style=\"text-align: left;\"><a href=\"http:\/\/www.vindjeu.eu\/2016\/01\/25\/shakespeare\/\">Shakespeare<\/a> [143 votes]<\/td>\n<td style=\"text-align: center;\">536<\/td>\n<\/tr>\n<tr>\n<td style=\"text-align: center;\">4<\/td>\n<td style=\"text-align: left;\"><a href=\"http:\/\/www.vindjeu.eu\/2016\/02\/23\/isle-of-skye\/\">Isle of Skye<\/a> [131 votes]<\/td>\n<td style=\"text-align: center;\">461<\/td>\n<\/tr>\n<tr>\n<td style=\"text-align: center;\">5<\/td>\n<td style=\"text-align: left;\"><a href=\"http:\/\/www.vindjeu.eu\/2016\/01\/17\/star-wars-assaut-sur-lempire\/\">Star Wars: Assaut sur l&rsquo;Empire<\/a> [82 votes]<\/td>\n<td style=\"text-align: center;\">369<\/td>\n<\/tr>\n<tr>\n<td style=\"text-align: center;\">6<\/td>\n<td style=\"text-align: left;\"><a href=\"http:\/\/www.vindjeu.eu\/2016\/02\/03\/blood-rage\/\">Blood Rage<\/a> [97 votes]<\/td>\n<td style=\"text-align: center;\">365<\/td>\n<\/tr>\n<tr>\n<td style=\"text-align: center;\">7<\/td>\n<td style=\"text-align: left;\"><a href=\"http:\/\/www.vindjeu.eu\/2016\/07\/29\/roll-for-the-galaxy-vf\/\">Roll for the Galaxy (VF)<\/a> [101 votes]<\/td>\n<td style=\"text-align: center;\">358<\/td>\n<\/tr>\n<tr>\n<td style=\"text-align: center;\">8<\/td>\n<td style=\"text-align: left;\"><a href=\"http:\/\/www.vindjeu.eu\/2015\/10\/03\/t-i-m-e-stories\/\">T.I.M.E. Stories<\/a> [94 votes]<\/td>\n<td style=\"text-align: center;\">354<\/td>\n<\/tr>\n<tr>\n<td style=\"text-align: center;\">9<\/td>\n<td style=\"text-align: left;\"><a href=\"http:\/\/www.vindjeu.eu\/2016\/07\/13\/codenames-vf\/\">Codenames (VF)<\/a> [107 votes]<\/td>\n<td style=\"text-align: center;\">327<\/td>\n<\/tr>\n<tr>\n<td style=\"text-align: center;\">10<\/td>\n<td style=\"text-align: left;\"><a href=\"http:\/\/www.vindjeu.eu\/2016\/03\/14\/pandemic-legacy-saison-1\/\">Pandemic Legacy: Saison 1<\/a> [90 votes]<\/td>\n<td style=\"text-align: center;\">315<\/td>\n<\/tr>\n<tr>\n<td style=\"text-align: center;\">11<\/td>\n<td style=\"text-align: left;\"><a href=\"http:\/\/www.vindjeu.eu\/2016\/06\/07\/through-the-ages-lhistoire-vous-appartient-version-2016\/\">Through the Ages: L&rsquo;Histoire vous appartient (version 2016)<\/a> [56 votes]<\/td>\n<td style=\"text-align: center;\">217<\/td>\n<\/tr>\n<tr>\n<td style=\"text-align: center;\">12<\/td>\n<td style=\"text-align: left;\"><a href=\"http:\/\/www.vindjeu.eu\/2015\/10\/20\/the-7th-continent-proto\/\">The 7th Continent (proto)<\/a> [57 votes]<\/td>\n<td style=\"text-align: center;\">210<\/td>\n<\/tr>\n<tr>\n<td style=\"text-align: center;\">13<\/td>\n<td style=\"text-align: left;\"><a href=\"http:\/\/www.vindjeu.eu\/2016\/05\/14\/star-realms-vf\/\">Star Realms VF<\/a> [64 votes]<\/td>\n<td style=\"text-align: center;\">180<\/td>\n<\/tr>\n<tr>\n<td style=\"text-align: center;\">14<\/td>\n<td style=\"text-align: left;\"><a href=\"http:\/\/www.vindjeu.eu\/2015\/07\/29\/les-voyages-de-marco-polo\/\">Les voyages de Marco Polo<\/a> [50 votes]<\/td>\n<td style=\"text-align: center;\">174<\/td>\n<\/tr>\n<tr>\n<td style=\"text-align: center;\">15<\/td>\n<td style=\"text-align: left;\"><a href=\"http:\/\/www.vindjeu.eu\/2016\/03\/25\/nippon-aide-de-djeu\/\">Nippon (+ aide de d&rsquo;jeu) (+ vid\u00e9o)<\/a> [51 votes]<\/td>\n<td style=\"text-align: center;\">170<\/td>\n<\/tr>\n<tr>\n<td style=\"text-align: center;\">16<\/td>\n<td style=\"text-align: left;\"><a href=\"http:\/\/www.vindjeu.eu\/2016\/01\/11\/lauberge-sanglante\/\">L&rsquo;Auberge Sanglante<\/a> [57 votes]<\/td>\n<td style=\"text-align: center;\">167<\/td>\n<\/tr>\n<tr>\n<td style=\"text-align: center;\">17<\/td>\n<td style=\"text-align: left;\"><a href=\"http:\/\/www.vindjeu.eu\/2016\/05\/25\/zombicide-black-plague\/\">Zombicide: Black Plague<\/a> [49 votes]<\/td>\n<td style=\"text-align: center;\">142<\/td>\n<\/tr>\n<tr>\n<td style=\"text-align: center;\">18<\/td>\n<td style=\"text-align: left;\"><a href=\"http:\/\/www.vindjeu.eu\/2016\/04\/24\/food-chain-magnate\/\">Food Chain Magnate<\/a> [33 votes]<\/td>\n<td style=\"text-align: center;\">129<\/td>\n<\/tr>\n<tr>\n<td style=\"text-align: center;\">19<\/td>\n<td style=\"text-align: left;\"><a href=\"http:\/\/www.vindjeu.eu\/2016\/06\/23\/the-gallerist-aide-de-jeu-video\/\">The Gallerist (+ aide de jeu) (+ video)<\/a> [37 votes]<\/td>\n<td style=\"text-align: center;\">125<\/td>\n<\/tr>\n<tr>\n<td style=\"text-align: center;\">20<\/td>\n<td style=\"text-align: left;\"><a href=\"http:\/\/www.vindjeu.eu\/2015\/07\/18\/la-granja\/\">La Granja<\/a> [33 votes]<\/td>\n<td style=\"text-align: center;\">121<\/td>\n<\/tr>\n<\/tbody>\n<\/table>\n","protected":false},"excerpt":{"rendered":"<p>Vin d&rsquo;Jeu de l&rsquo;ann\u00e9e 2016 &#8211; Vote des lecteurs L&rsquo;\u00e9lection est cl\u00f4tur\u00e9e depuis le 19 septembre 2016. Voici le r\u00e9sultat final. &nbsp; Position Jeu Points 1 7 Wonders Duel [296 votes] 1128 2 Mombasa [157 votes] 621 3 Shakespeare [143 votes] 536 4 Isle of Skye [131 votes] 461 5&#46;&#46;&#46;<\/p>\n","protected":false},"author":1,"featured_media":0,"parent":0,"menu_order":0,"comment_status":"closed","ping_status":"closed","template":"","meta":{"_acf_changed":false,"footnotes":""},"class_list":["post-14718","page","type-page","status-publish","hentry"],"acf":[],"_links":{"self":[{"href":"https:\/\/www.vindjeu.eu\/prd\/wp-json\/wp\/v2\/pages\/14718","targetHints":{"allow":["GET"]}}],"collection":[{"href":"https:\/\/www.vindjeu.eu\/prd\/wp-json\/wp\/v2\/pages"}],"about":[{"href":"https:\/\/www.vindjeu.eu\/prd\/wp-json\/wp\/v2\/types\/page"}],"author":[{"embeddable":true,"href":"https:\/\/www.vindjeu.eu\/prd\/wp-json\/wp\/v2\/users\/1"}],"replies":[{"embeddable":true,"href":"https:\/\/www.vindjeu.eu\/prd\/wp-json\/wp\/v2\/comments?post=14718"}],"version-history":[{"count":0,"href":"https:\/\/www.vindjeu.eu\/prd\/wp-json\/wp\/v2\/pages\/14718\/revisions"}],"wp:attachment":[{"href":"https:\/\/www.vindjeu.eu\/prd\/wp-json\/wp\/v2\/media?parent=14718"}],"curies":[{"name":"wp","href":"https:\/\/api.w.org\/{rel}","templated":true}]}}