{"id":1762,"date":"2010-12-31T18:54:43","date_gmt":"2010-12-31T17:54:43","guid":{"rendered":"http:\/\/www.vindjeu.eu\/?page_id=1762"},"modified":"2014-10-12T20:06:20","modified_gmt":"2014-10-12T18:06:20","slug":"vin-djeu-dlannee-2010","status":"publish","type":"page","link":"https:\/\/www.vindjeu.eu\/prd\/vin-djeu-dlannee\/vin-djeu-dlannee-2010\/","title":{"rendered":"2010"},"content":{"rendered":"<p style=\"text-align: center;\"><a href=\"http:\/\/www.vindjeu.eu\/prd\/wp-content\/uploads\/2010\/12\/Bouteille2010.png\"><img loading=\"lazy\" decoding=\"async\" class=\"size-full wp-image-1765 aligncenter\" title=\"Bouteille2010\" src=\"http:\/\/www.vindjeu.eu\/prd\/wp-content\/uploads\/2010\/12\/Bouteille2010.png\" alt=\"\" width=\"187\" height=\"490\" srcset=\"https:\/\/www.vindjeu.eu\/prd\/wp-content\/uploads\/2010\/12\/Bouteille2010.png 234w, https:\/\/www.vindjeu.eu\/prd\/wp-content\/uploads\/2010\/12\/Bouteille2010-114x300.png 114w, https:\/\/www.vindjeu.eu\/prd\/wp-content\/uploads\/2010\/12\/Bouteille2010-57x150.png 57w\" sizes=\"auto, (max-width: 187px) 100vw, 187px\" \/><\/a><\/p>\n<p>Comme chaque ann\u00e9e, il est devenu une tradition chez Vin d&rsquo;jeu d&rsquo;\u00e9lire le premier jour de l&rsquo;an, le Vin d&rsquo;jeu d&rsquo;l&rsquo;ann\u00e9e 2010.<\/p>\n<p>Nous \u00e9lisons le Vin d&rsquo;jeu d&rsquo;l&rsquo;ann\u00e9e sur base de\u00a04 crit\u00e8res:<\/p>\n<ol>\n<li>Nous devons y avoir jou\u00e9 en 2010<\/li>\n<li>Il doit avoir \u00e9t\u00e9 \u00e9dit\u00e9 en 2009 ou 2010 mais pas avant<\/li>\n<li>Personne parmi les membres de Vin d&rsquo;jeu n&rsquo;a mis de cote inf\u00e9rieure \u00e0 8\/10<\/li>\n<li>Il pr\u00e9sente le top de nos cotes respectives<\/li>\n<\/ol>\n<p>De l\u00e0, nous sortons les jeux du top 5 et nous y rejouons avant de voter.\u00a0 Cette ann\u00e9e, il\u00a0ne fut pas difficile pour nous de trancher, il y en a que 2 qui sortirent du lot: Vasco Da Gama &amp; Space Alert.\u00a0 Mais c&rsquo;est le plaisir de jeu qui l&rsquo;a emport\u00e9&#8230;<\/p>\n<p>Et donc, le Vin d&rsquo;jeu d&rsquo;l&rsquo;ann\u00e9e 2010 est &#8230;.<\/p>\n<h3 style=\"text-align: center;\"><a href=\"http:\/\/www.vindjeu.eu\/2010\/10\/24\/space-alert\/\">Space Alert<\/a><\/h3>\n<p style=\"text-align: center;\"><a href=\"http:\/\/www.vindjeu.eu\/2010\/10\/24\/space-alert\/\"><img loading=\"lazy\" decoding=\"async\" class=\"aligncenter\" title=\"VdJ2010-SpaceAlert\" src=\"http:\/\/www.vindjeu.eu\/prd\/wp-content\/uploads\/2010\/12\/VdJ2010-SpaceAlert.png\" alt=\"\" width=\"280\" height=\"215\" \/><\/a><\/p>\n<h3 style=\"text-align: center;\"><\/h3>\n<p>A c\u00f4t\u00e9 du Vin d&rsquo;jeu d&rsquo;l&rsquo;ann\u00e9e, nous avons tous mis en avant un jeu qui nous a particuli\u00e8rement bien plu personnellement.\u00a0 Voici nos coups de coeur:<\/p>\n<p>Raf:\u00a0\u00a0\u00a0<a href=\"http:\/\/www.vindjeu.eu\/2010\/07\/28\/steam\/\">Steam<\/a><\/p>\n<p style=\"text-align: center;\"><a href=\"http:\/\/www.vindjeu.eu\/2010\/07\/28\/steam\/\"><img loading=\"lazy\" decoding=\"async\" class=\"aligncenter\" title=\"CdCoeurSteam\" src=\"http:\/\/www.vindjeu.eu\/prd\/wp-content\/uploads\/2010\/12\/CdCoeurSteam.png\" alt=\"\" width=\"250\" height=\"223\" \/><\/a><\/p>\n<p>Thierry:\u00a0\u00a0<a href=\"http:\/\/www.vindjeu.eu\/2010\/06\/08\/macao\/\">Macao<\/a><\/p>\n<p style=\"text-align: center;\"><a href=\"http:\/\/www.vindjeu.eu\/2010\/06\/08\/macao\/\"><img loading=\"lazy\" decoding=\"async\" class=\"aligncenter\" title=\"CdCoeurMacao\" src=\"http:\/\/www.vindjeu.eu\/prd\/wp-content\/uploads\/2010\/12\/CdCoeurMacao.png\" alt=\"\" width=\"179\" height=\"250\" \/><\/a><\/p>\n<p>Benoit:\u00a0\u00a0\u00a0<a href=\"http:\/\/www.vindjeu.eu\/2010\/11\/20\/vasco-da-gama\/\">Vasco Da Gama<\/a><\/p>\n<p style=\"text-align: center;\"><a href=\"http:\/\/www.vindjeu.eu\/2010\/11\/20\/vasco-da-gama\/\"><img loading=\"lazy\" decoding=\"async\" class=\"aligncenter\" title=\"CdCoeurVasco\" src=\"http:\/\/www.vindjeu.eu\/prd\/wp-content\/uploads\/2010\/12\/CdCoeurVasco.png\" alt=\"\" width=\"250\" height=\"250\" \/><\/a><\/p>\n<p>Philrey212:\u00a0\u00a0\u00a0\u00a0<a href=\"http:\/\/www.vindjeu.eu\/2010\/03\/13\/imperial-2030\/\">Imperial 2030<\/a><\/p>\n<p style=\"text-align: center;\"><a href=\"http:\/\/www.vindjeu.eu\/2010\/03\/13\/imperial-2030\/\"><img loading=\"lazy\" decoding=\"async\" class=\"aligncenter\" title=\"CdCoeurImperial2030\" src=\"http:\/\/www.vindjeu.eu\/prd\/wp-content\/uploads\/2010\/12\/CdCoeurImperial2030.png\" alt=\"\" width=\"250\" height=\"176\" \/><\/a><\/p>\n<p>SwatSh:\u00a0\u00a0\u00a0\u00a0<a href=\"http:\/\/www.vindjeu.eu\/2010\/01\/30\/naissance-et-apogee-des-empires\/\">Naissance et Apog\u00e9e des Empires<\/a><\/p>\n<p style=\"text-align: center;\"><a href=\"http:\/\/www.vindjeu.eu\/2010\/01\/30\/naissance-et-apogee-des-empires\/\"><img loading=\"lazy\" decoding=\"async\" class=\"aligncenter\" title=\"CdCoeurNaissance\" src=\"http:\/\/www.vindjeu.eu\/prd\/wp-content\/uploads\/2010\/12\/CdCoeurNaissance.png\" alt=\"\" width=\"250\" height=\"178\" \/><\/a><\/p>\n<p>Et voil\u00e0 pour 2010.\u00a0 Je profite de l&rsquo;occasion pour vous souhaiter plus que 2010 et moins que 2012!<\/p>\n<p>SwatSh.<\/p>\n","protected":false},"excerpt":{"rendered":"<p>Comme chaque ann\u00e9e, il est devenu une tradition chez Vin d&rsquo;jeu d&rsquo;\u00e9lire le premier jour de l&rsquo;an, le Vin d&rsquo;jeu d&rsquo;l&rsquo;ann\u00e9e 2010. Nous \u00e9lisons le Vin d&rsquo;jeu d&rsquo;l&rsquo;ann\u00e9e sur base de\u00a04 crit\u00e8res: Nous devons y avoir jou\u00e9 en 2010 Il doit avoir \u00e9t\u00e9 \u00e9dit\u00e9 en 2009 ou 2010 mais pas&#46;&#46;&#46;<\/p>\n","protected":false},"author":1,"featured_media":1765,"parent":454,"menu_order":1,"comment_status":"open","ping_status":"open","template":"","meta":{"_acf_changed":false,"footnotes":""},"class_list":["post-1762","page","type-page","status-publish","has-post-thumbnail","hentry"],"acf":[],"_links":{"self":[{"href":"https:\/\/www.vindjeu.eu\/prd\/wp-json\/wp\/v2\/pages\/1762","targetHints":{"allow":["GET"]}}],"collection":[{"href":"https:\/\/www.vindjeu.eu\/prd\/wp-json\/wp\/v2\/pages"}],"about":[{"href":"https:\/\/www.vindjeu.eu\/prd\/wp-json\/wp\/v2\/types\/page"}],"author":[{"embeddable":true,"href":"https:\/\/www.vindjeu.eu\/prd\/wp-json\/wp\/v2\/users\/1"}],"replies":[{"embeddable":true,"href":"https:\/\/www.vindjeu.eu\/prd\/wp-json\/wp\/v2\/comments?post=1762"}],"version-history":[{"count":0,"href":"https:\/\/www.vindjeu.eu\/prd\/wp-json\/wp\/v2\/pages\/1762\/revisions"}],"up":[{"embeddable":true,"href":"https:\/\/www.vindjeu.eu\/prd\/wp-json\/wp\/v2\/pages\/454"}],"wp:featuredmedia":[{"embeddable":true,"href":"https:\/\/www.vindjeu.eu\/prd\/wp-json\/wp\/v2\/media\/1765"}],"wp:attachment":[{"href":"https:\/\/www.vindjeu.eu\/prd\/wp-json\/wp\/v2\/media?parent=1762"}],"curies":[{"name":"wp","href":"https:\/\/api.w.org\/{rel}","templated":true}]}}