{"id":2155,"date":"2011-04-22T15:06:49","date_gmt":"2011-04-22T14:06:49","guid":{"rendered":"http:\/\/www.vindjeu.eu\/?page_id=2155"},"modified":"2014-10-12T20:09:32","modified_gmt":"2014-10-12T18:09:32","slug":"references","status":"publish","type":"page","link":"https:\/\/www.vindjeu.eu\/prd\/liens\/references\/","title":{"rendered":"R\u00e9f\u00e9rences"},"content":{"rendered":"<p>LES sites de r\u00e9f\u00e9rences<\/p>\n<p><a href=\"http:\/\/www.trictrac.net\/index.php3?id=jeux&amp;rub=news&amp;inf=accueil\" target=\"_blank\"><img loading=\"lazy\" decoding=\"async\" class=\"alignnone size-full wp-image-2156\" title=\"TricTracLogo\" src=\"http:\/\/www.vindjeu.eu\/prd\/wp-content\/uploads\/2011\/04\/TricTracLogo.gif\" alt=\"\" width=\"238\" height=\"62\" srcset=\"https:\/\/www.vindjeu.eu\/prd\/wp-content\/uploads\/2011\/04\/TricTracLogo.gif 238w, https:\/\/www.vindjeu.eu\/prd\/wp-content\/uploads\/2011\/04\/TricTracLogo-150x39.gif 150w\" sizes=\"auto, (max-width: 238px) 100vw, 238px\" \/><\/a><\/p>\n<p><a href=\"http:\/\/www.boardgamegeek.com\/\" target=\"_blank\"><img loading=\"lazy\" decoding=\"async\" class=\"alignnone size-full wp-image-2157\" title=\"bgg_cornerlogo\" src=\"http:\/\/www.vindjeu.eu\/prd\/wp-content\/uploads\/2011\/04\/bgg_cornerlogo.png\" alt=\"\" width=\"120\" height=\"90\" \/><\/a><\/p>\n","protected":false},"excerpt":{"rendered":"<p>LES sites de r\u00e9f\u00e9rences<\/p>\n","protected":false},"author":1,"featured_media":2156,"parent":2135,"menu_order":2,"comment_status":"open","ping_status":"open","template":"","meta":{"_acf_changed":false,"footnotes":""},"class_list":["post-2155","page","type-page","status-publish","has-post-thumbnail","hentry"],"acf":[],"_links":{"self":[{"href":"https:\/\/www.vindjeu.eu\/prd\/wp-json\/wp\/v2\/pages\/2155","targetHints":{"allow":["GET"]}}],"collection":[{"href":"https:\/\/www.vindjeu.eu\/prd\/wp-json\/wp\/v2\/pages"}],"about":[{"href":"https:\/\/www.vindjeu.eu\/prd\/wp-json\/wp\/v2\/types\/page"}],"author":[{"embeddable":true,"href":"https:\/\/www.vindjeu.eu\/prd\/wp-json\/wp\/v2\/users\/1"}],"replies":[{"embeddable":true,"href":"https:\/\/www.vindjeu.eu\/prd\/wp-json\/wp\/v2\/comments?post=2155"}],"version-history":[{"count":0,"href":"https:\/\/www.vindjeu.eu\/prd\/wp-json\/wp\/v2\/pages\/2155\/revisions"}],"up":[{"embeddable":true,"href":"https:\/\/www.vindjeu.eu\/prd\/wp-json\/wp\/v2\/pages\/2135"}],"wp:featuredmedia":[{"embeddable":true,"href":"https:\/\/www.vindjeu.eu\/prd\/wp-json\/wp\/v2\/media\/2156"}],"wp:attachment":[{"href":"https:\/\/www.vindjeu.eu\/prd\/wp-json\/wp\/v2\/media?parent=2155"}],"curies":[{"name":"wp","href":"https:\/\/api.w.org\/{rel}","templated":true}]}}