{"id":2659,"date":"2011-09-25T18:02:57","date_gmt":"2011-09-25T17:02:57","guid":{"rendered":"http:\/\/www.vindjeu.eu\/?page_id=2659"},"modified":"2014-10-12T20:03:44","modified_gmt":"2014-10-12T18:03:44","slug":"essen-2010","status":"publish","type":"page","link":"https:\/\/www.vindjeu.eu\/prd\/essen\/essen-2010\/","title":{"rendered":"Essen 2010"},"content":{"rendered":"<p><a href=\"http:\/\/www.vindjeu.eu\/prd\/wp-content\/uploads\/2010\/10\/Essen-01.gif\"><img loading=\"lazy\" decoding=\"async\" title=\"Essen 01\" src=\"http:\/\/www.vindjeu.eu\/prd\/wp-content\/uploads\/2010\/10\/Essen-01.gif\" alt=\"\" width=\"281\" height=\"48\" \/><\/a><a href=\"http:\/\/www.vindjeu.eu\/prd\/wp-content\/uploads\/2010\/10\/Essen-02.jpg\"><img loading=\"lazy\" decoding=\"async\" title=\"Essen 02\" src=\"http:\/\/www.vindjeu.eu\/prd\/wp-content\/uploads\/2010\/10\/Essen-02-1024x768.jpg\" alt=\"\" width=\"733\" height=\"496\" \/><\/a><\/p>\n<p>SwatSh:<\/p>\n<p>Nous voil\u00e0 de retour d&rsquo;Essen 2010.\u00a0 Encore un moment de pur bonheur.\u00a0 Pas de grands coups de coeur cette ann\u00e9e mais pas mal de belles d\u00e9couvertes.\u00a0 Dans les posts qui vont suivre, vous trouverez les critiques des 18 jeux jou\u00e9s \u00e0 Essen.\u00a0 Tous n&rsquo;ont pas \u00e9t\u00e9 jou\u00e9s enti\u00e8rement, donc veuillez prendre nos avis avec le recul qui se doit.\u00a0 Mais ce n&rsquo;est pas tout!\u00a0 Notre coffre \u00e9tait rempli de jeux qu&rsquo;on n&rsquo;a pas su jouer (j&rsquo;ai honte ;-)).\u00a0\u00a0 Peut-\u00eatre que notre coup de coeur tant attendu s&rsquo;y trouve&#8230; Nous y jouerons certainement les semaines qui suivent et vous trouverez leurs critiques au fur et \u00e0 mesure qu&rsquo;on y jouera.<\/p>\n<p>En attendant, voici un compte rendu de notre visite.<\/p>\n<p>Essen 2010 a \u00e9t\u00e9 marqu\u00e9 par le succ\u00e8s de\u00a0<a href=\"http:\/\/www.vindjeu.eu\/2010\/04\/15\/troyes-prototype\/\">Troyes<\/a>, le jeu de notre copain Seb, et des 2 autres auteurs Alain et Xavier, qui avec sa maison d&rsquo;\u00e9dition Pearl Games a sorti 700 copies de Troyes pour Essen et qui ont \u00e9t\u00e9 toutes vendues d\u00e8s le samedi 15h00.\u00a0 Troyes se retrouve tr\u00e8s bien plac\u00e9 dans les classements Fairplay &amp; Boardgamegeek.\u00a0 Il d\u00e9marre en trombe et est parti pour un grand succ\u00e8s qu&rsquo;il m\u00e9rite vu la grande qualit\u00e9 du jeu.\u00a0 Bravo en tous cas \u00e0 toute l&rsquo;\u00e9quipe de Troyes pour l&rsquo;organisation de leur stand et l&rsquo;\u00e9nergie d\u00e9pens\u00e9e \u00e0 bien aider les joueurs dans leurs parties de d\u00e9couverte sur leur stand.\u00a0 Un tout grand chapeau.<\/p>\n<p>Nous y sommes all\u00e9s \u00e0 5 cette ann\u00e9e et on s&rsquo;est tr\u00e8s bien entendu.\u00a0 Ca fait partie du fun.\u00a0 Comme l&rsquo;ann\u00e9e pass\u00e9e, nous avons dormi dans le m\u00eame h\u00f4tel que Monsieur et Madame\u00a0<a href=\"http:\/\/www.ludigaume.be\/v3\/php\/lg_index.php\">Ludigaume<\/a>.\u00a0 Ce qui nous a permi de les revoir (toujours aussi charmants ;-)), et de jouer quelques parties ensemble le soir.<\/p>\n<p>Comme l&rsquo;ann\u00e9e pass\u00e9e, nous y \u00e9tions d\u00e8s le mercredi o\u00f9 nous avons \u00e9t\u00e9 charm\u00e9s par les diverses pr\u00e9sentations des nouveaux jeux et des diff\u00e9rentes \u00a0fa\u00e7ons que les \u00e9diteurs ont trouv\u00e9es pour attirer l&rsquo;oeil, jugez plut\u00f4t:<\/p>\n<p><a href=\"http:\/\/www.vindjeu.eu\/prd\/wp-content\/uploads\/2010\/10\/Essen-03.jpg\"><img loading=\"lazy\" decoding=\"async\" title=\"Essen 03\" src=\"http:\/\/www.vindjeu.eu\/prd\/wp-content\/uploads\/2010\/10\/Essen-03-1024x768.jpg\" alt=\"\" width=\"760\" height=\"545\" \/><\/a><\/p>\n<p>Asara et ses 2 belles h\u00f4tesses dont les coiffures \u00e9patent accompagn\u00e9es d&rsquo;un auteur de g\u00e9nie: Wolfgang Kramer (qui pour la petite histoire s&rsquo;est vu refuser l&rsquo;entr\u00e9e \u00e0 la\u00a0conf\u00e9rence de presse car il n&rsquo;avait pas le fameux pass press!\u00a0 Bravo!)<\/p>\n<p><a href=\"http:\/\/www.vindjeu.eu\/prd\/wp-content\/uploads\/2010\/10\/Essen-04.jpg\"><img loading=\"lazy\" decoding=\"async\" title=\"Essen 04\" src=\"http:\/\/www.vindjeu.eu\/prd\/wp-content\/uploads\/2010\/10\/Essen-04-768x1024.jpg\" alt=\"\" width=\"560\" height=\"730\" \/><\/a><\/p>\n<p>Voll In Fahrt, un jeu de trains pour les enfants\u00a0joliment pr\u00e9sent\u00e9 par des poup\u00e9es robotis\u00e9es \ud83d\ude09<\/p>\n<p><a href=\"http:\/\/www.vindjeu.eu\/prd\/wp-content\/uploads\/2010\/10\/Essen-05.jpg\"><img loading=\"lazy\" decoding=\"async\" title=\"Essen 05\" src=\"http:\/\/www.vindjeu.eu\/prd\/wp-content\/uploads\/2010\/10\/Essen-05-768x1024.jpg\" alt=\"\" width=\"564\" height=\"821\" \/><\/a><\/p>\n<p>Mord Im Arosa, moins sexy mais beau matos.\u00a0 On y revient plus tard&#8230;<\/p>\n<p><a href=\"http:\/\/www.vindjeu.eu\/prd\/wp-content\/uploads\/2010\/10\/Essen-06.jpg\"><img loading=\"lazy\" decoding=\"async\" title=\"Essen 06\" src=\"http:\/\/www.vindjeu.eu\/prd\/wp-content\/uploads\/2010\/10\/Essen-06-768x1024.jpg\" alt=\"\" width=\"569\" height=\"776\" \/><\/a><\/p>\n<p>Luna.<\/p>\n<p><a href=\"http:\/\/www.vindjeu.eu\/prd\/wp-content\/uploads\/2010\/10\/Essen-07.jpg\"><img loading=\"lazy\" decoding=\"async\" title=\"Essen 07\" src=\"http:\/\/www.vindjeu.eu\/prd\/wp-content\/uploads\/2010\/10\/Essen-07-768x1024.jpg\" alt=\"\" width=\"562\" height=\"715\" \/><\/a><\/p>\n<p>7 Wonders o\u00f9 j&rsquo;ai \u00e9t\u00e9 pi\u00e9g\u00e9 par Madame Ludigaume.\u00a0 Il faut dire que je n&rsquo;avais d&rsquo;yeux que pour la belle Egyptienne, hum hum&#8230;<\/p>\n<p>Voici quelques clich\u00e9s pour vous montrer la configuration de certaines salles:<\/p>\n<p><a href=\"http:\/\/www.vindjeu.eu\/prd\/wp-content\/uploads\/2010\/10\/PresseGallery01.jpg\"><img loading=\"lazy\" decoding=\"async\" title=\"PresseGallery01\" src=\"http:\/\/www.vindjeu.eu\/prd\/wp-content\/uploads\/2010\/10\/PresseGallery01.jpg\" alt=\"\" width=\"768\" height=\"576\" \/><\/a><\/p>\n<p><a href=\"http:\/\/www.vindjeu.eu\/prd\/wp-content\/uploads\/2010\/10\/PresseGallery02.jpg\"><img loading=\"lazy\" decoding=\"async\" title=\"PresseGallery02\" src=\"http:\/\/www.vindjeu.eu\/prd\/wp-content\/uploads\/2010\/10\/PresseGallery02.jpg\" alt=\"\" width=\"480\" height=\"640\" \/><\/a><\/p>\n<p><a href=\"http:\/\/www.vindjeu.eu\/prd\/wp-content\/uploads\/2010\/10\/Essen-08.jpg\"><img loading=\"lazy\" decoding=\"async\" title=\"Essen 08\" src=\"http:\/\/www.vindjeu.eu\/prd\/wp-content\/uploads\/2010\/10\/Essen-08-768x1024.jpg\" alt=\"\" width=\"585\" height=\"747\" \/><\/a><\/p>\n<p>Sur le stand de\u00a0Antics, un Monsieur bien sympathique habill\u00e9 en insecte (comment n&rsquo;ai-je pas fait tilt???) nous proposait un alcool de miel accompagn\u00e9 d&rsquo;\u00e9tranges fruits secs.\u00a0 Gourmand comme je suis, j&rsquo;ai aimablement accept\u00e9 le verre d&rsquo;alcool qui a \u00e9t\u00e9 aval\u00e9 en moins de 2 puis me suis ru\u00e9 vers ces fruits secs bien all\u00e9chants et en ai aval\u00e9 un directos.\u00a0 Puis, j&rsquo;y ai regard\u00e9 de plus pr\u00e8s&#8230;<\/p>\n<p><a href=\"http:\/\/www.vindjeu.eu\/prd\/wp-content\/uploads\/2010\/10\/Essen-09.jpg\"><img loading=\"lazy\" decoding=\"async\" title=\"Essen 09\" src=\"http:\/\/www.vindjeu.eu\/prd\/wp-content\/uploads\/2010\/10\/Essen-09-1024x768.jpg\" alt=\"\" width=\"762\" height=\"525\" \/><\/a><\/p>\n<p>Des fourmis g\u00e9antes&#8230; beurk!<\/p>\n<p><a href=\"http:\/\/www.vindjeu.eu\/prd\/wp-content\/uploads\/2010\/10\/Essen-10.jpg\"><img loading=\"lazy\" decoding=\"async\" title=\"Essen 10\" src=\"http:\/\/www.vindjeu.eu\/prd\/wp-content\/uploads\/2010\/10\/Essen-10-768x1024.jpg\" alt=\"\" width=\"557\" height=\"784\" \/><\/a><\/p>\n<p>Le jeudi matin, c&rsquo;est la cohue pour rentrer.\u00a0 Escusez-moi pour la photo floue mais je n&rsquo;ai pas r\u00e9ussi \u00e0 en faire une seule nette tellement on \u00e9tait bouscul\u00e9.\u00a0 L\u00e0, vous voyez, \u00e0 l&rsquo;entr\u00e9e du salon, un gars de repos production qui encourage les joueurs \u00e0 venir tester 7 Wonders.\u00a0 Il ne l&rsquo;a plus fait tr\u00e8s longtemps vu le succ\u00e8s qu&rsquo;a eu le jeu&#8230;<\/p>\n<p><a href=\"http:\/\/www.vindjeu.eu\/prd\/wp-content\/uploads\/2010\/10\/PresseGallery03.jpg\"><img loading=\"lazy\" decoding=\"async\" title=\"PresseGallery03\" src=\"http:\/\/www.vindjeu.eu\/prd\/wp-content\/uploads\/2010\/10\/PresseGallery03.jpg\" alt=\"\" width=\"480\" height=\"640\" \/><\/a><\/p>\n<p>Une d\u00e9co sur le stand Kosmos pour attirer notre attention su un J\u00e4ger der Nacht.<\/p>\n<p><a href=\"http:\/\/www.vindjeu.eu\/prd\/wp-content\/uploads\/2010\/10\/PresseGallery04.jpg\"><img loading=\"lazy\" decoding=\"async\" title=\"PresseGallery04\" src=\"http:\/\/www.vindjeu.eu\/prd\/wp-content\/uploads\/2010\/10\/PresseGallery04.jpg\" alt=\"\" width=\"768\" height=\"576\" \/><\/a><\/p>\n<p>Remarquez que m\u00eame sur les stands, on s&rsquo;int\u00e8gre au jeu. Ici, lors de l&rsquo;explication des r\u00e8gles de Florenza.<\/p>\n<p><a href=\"http:\/\/www.vindjeu.eu\/prd\/wp-content\/uploads\/2010\/10\/Essen-12.jpg\"><img loading=\"lazy\" decoding=\"async\" title=\"Essen 12\" src=\"http:\/\/www.vindjeu.eu\/prd\/wp-content\/uploads\/2010\/10\/Essen-12-1024x768.jpg\" alt=\"\" width=\"726\" height=\"570\" \/><\/a><\/p>\n<p>Et puis, quand on sort de temps en temps pour \u00e9viter toute cette cohue (&#8230;), on apper\u00e7oit d&rsquo;\u00e9tranges objets volants&#8230;<\/p>\n<p><a href=\"http:\/\/www.vindjeu.eu\/prd\/wp-content\/uploads\/2010\/10\/Essen-13.jpg\"><img loading=\"lazy\" decoding=\"async\" title=\"Essen 13\" src=\"http:\/\/www.vindjeu.eu\/prd\/wp-content\/uploads\/2010\/10\/Essen-13-1024x768.jpg\" alt=\"\" width=\"580\" height=\"329\" \/><\/a><\/p>\n<p>Ce qui m&rsquo;a frapp\u00e9 \u00e9galement lors de cet Essen 2010, c&rsquo;\u00e9tait le cheap de certains goodies.\u00a0 Quand certains offraient des sacs en tissus ( \ud83d\ude09 ), d&rsquo;autre nous donnaient un pion (Era of Inventions), des autocollants, ou pire une feuille qu&rsquo;on aurait aussi bien pu t\u00e9l\u00e9charger (Carson City).\u00a0 Le top \u00e9tait quand m\u00eame le symbole premier joueur de Luna: une b\u00eate pierre!!! (cfr photo).<\/p>\n<p><a href=\"http:\/\/www.vindjeu.eu\/prd\/wp-content\/uploads\/2010\/10\/Essen-11.jpg\"><img loading=\"lazy\" decoding=\"async\" title=\"Essen 11\" src=\"http:\/\/www.vindjeu.eu\/prd\/wp-content\/uploads\/2010\/10\/Essen-11-1024x768.jpg\" alt=\"\" width=\"769\" height=\"559\" \/><\/a><\/p>\n<p>Enfin, une photo de 2 de mes potes venus avec: Philrey &amp; Ren qui font les cons quand je veux prendre une photo de Felinia (on y revient aussi).\u00a0 C&rsquo;est \u00e7a aussi Essen: s&rsquo;amuser avec ses amis et prendre son pied!<\/p>\n<p>Philrey212:<\/p>\n<p>Vraiment trop bien. J&rsquo;ai eu l&rsquo;impression qu&rsquo;il y avait plus de monde que l&rsquo;ann\u00e9e pass\u00e9e. On a pass\u00e9 beaucoup moins de temps aux tables pour tester les jeux. Tr\u00e8s peu de place disponible! J&rsquo;ai ins\u00e9r\u00e9 quelques photos et commentaires en plus dans le texte de SwatSh.<\/p>\n","protected":false},"excerpt":{"rendered":"<p>SwatSh: Nous voil\u00e0 de retour d&rsquo;Essen 2010.\u00a0 Encore un moment de pur bonheur.\u00a0 Pas de grands coups de coeur cette ann\u00e9e mais pas mal de belles d\u00e9couvertes.\u00a0 Dans les posts qui vont suivre, vous trouverez les critiques des 18 jeux jou\u00e9s \u00e0 Essen.\u00a0 Tous n&rsquo;ont pas \u00e9t\u00e9 jou\u00e9s enti\u00e8rement, donc&#46;&#46;&#46;<\/p>\n","protected":false},"author":1,"featured_media":0,"parent":420,"menu_order":0,"comment_status":"open","ping_status":"open","template":"","meta":{"_acf_changed":false,"footnotes":""},"class_list":["post-2659","page","type-page","status-publish","hentry"],"acf":[],"_links":{"self":[{"href":"https:\/\/www.vindjeu.eu\/prd\/wp-json\/wp\/v2\/pages\/2659","targetHints":{"allow":["GET"]}}],"collection":[{"href":"https:\/\/www.vindjeu.eu\/prd\/wp-json\/wp\/v2\/pages"}],"about":[{"href":"https:\/\/www.vindjeu.eu\/prd\/wp-json\/wp\/v2\/types\/page"}],"author":[{"embeddable":true,"href":"https:\/\/www.vindjeu.eu\/prd\/wp-json\/wp\/v2\/users\/1"}],"replies":[{"embeddable":true,"href":"https:\/\/www.vindjeu.eu\/prd\/wp-json\/wp\/v2\/comments?post=2659"}],"version-history":[{"count":0,"href":"https:\/\/www.vindjeu.eu\/prd\/wp-json\/wp\/v2\/pages\/2659\/revisions"}],"up":[{"embeddable":true,"href":"https:\/\/www.vindjeu.eu\/prd\/wp-json\/wp\/v2\/pages\/420"}],"wp:attachment":[{"href":"https:\/\/www.vindjeu.eu\/prd\/wp-json\/wp\/v2\/media?parent=2659"}],"curies":[{"name":"wp","href":"https:\/\/api.w.org\/{rel}","templated":true}]}}