{"id":401,"date":"2010-05-24T16:34:05","date_gmt":"2010-05-24T15:34:05","guid":{"rendered":"http:\/\/www.vindjeu.eu\/?page_id=401"},"modified":"2014-10-12T20:05:53","modified_gmt":"2014-10-12T18:05:53","slug":"vin-djeu-dlannee-2009","status":"publish","type":"page","link":"https:\/\/www.vindjeu.eu\/prd\/vin-djeu-dlannee\/vin-djeu-dlannee-2009\/","title":{"rendered":"2009"},"content":{"rendered":"<p style=\"text-align: center;\"><img decoding=\"async\" id=\"BLOGGER_PHOTO_ID_5421904824977564018\" class=\"aligncenter\" src=\"http:\/\/2.bp.blogspot.com\/_ea2yja0GmY8\/Sz55tjrDoXI\/AAAAAAAAAt8\/4TRP_OGEb30\/s400\/bouteille++sans+fond.jpg\" border=\"0\" alt=\"\" \/><\/p>\n<div>\n<div>\n<div>\n<p>Ces derniers temps,\u00a0Raf, Benoit,\u00a0Philrey212 et moi-m\u00eame avons rejou\u00e9 \u00e0 certains jeux dans le but d&rsquo;\u00e9lire ensemble le Vin\u00a0d&rsquo;jeu\u00a0d&rsquo;l&rsquo;ann\u00e9e. Et nous sommes rapidement arriv\u00e9s \u00e0 un choix commun: LeVin\u00a0d&rsquo;jeu\u00a0d&rsquo;l&rsquo;ann\u00e9e\u00a02009\u00a0est donc:<\/p>\n<\/div>\n<div>\n<p style=\"text-align: center;\"><a href=\"http:\/\/vindjeu.blogspot.com\/2009\/10\/carson-city-essen-1.html\">Carson\u00a0City<\/a><\/p>\n<\/div>\n<p style=\"text-align: center;\"><img decoding=\"async\" id=\"BLOGGER_PHOTO_ID_5421907958697570706\" src=\"http:\/\/4.bp.blogspot.com\/_ea2yja0GmY8\/Sz58j9sIMZI\/AAAAAAAAAuE\/UCSJy0Oa2OQ\/s400\/2009+Carson+City+2.jpg\" border=\"0\" alt=\"\" \/><\/p>\n<p>Bravo \u00e0 ce magnifique jeu et \u00e0 son auteur\u00a0Xavier\u00a0Georges!<\/p>\n<p>Vous avez peut \u00eatre remarqu\u00e9 que nos go\u00fbts chez Vin\u00a0d&rsquo;jeu\u00a0diff\u00e8rent l\u00e9g\u00e8rement. C&rsquo;est pourquoi, nous tenons \u00e9galement \u00e0 vous faire part de nos\u00a0Vin\u00a0d&rsquo;jeu\u00a0d&rsquo;coup\u00a0d&rsquo;coeur:<\/p>\n<p style=\"text-align: center;\">Vin\u00a0d&rsquo;jeu\u00a0d&rsquo;coup\u00a0d&rsquo;coeur\u00a0de\u00a0Raf:<br \/>\n<a href=\"http:\/\/vindjeu.blogspot.com\/2009\/07\/valdora-2009-3-5j-moyen.html\">Valdora<\/a><\/p>\n<div style=\"text-align: center;\">\n<p style=\"text-align: center;\"><a href=\"http:\/\/3.bp.blogspot.com\/_ea2yja0GmY8\/Sz5-PWoBpaI\/AAAAAAAAAuM\/sBQ_SzU6DGU\/s1600-h\/2009+Valdora+2.jpg\"><img decoding=\"async\" id=\"BLOGGER_PHOTO_ID_5421909803637253538\" src=\"http:\/\/3.bp.blogspot.com\/_ea2yja0GmY8\/Sz5-PWoBpaI\/AAAAAAAAAuM\/sBQ_SzU6DGU\/s400\/2009+Valdora+2.jpg\" border=\"0\" alt=\"\" \/><\/a><\/p>\n<\/div>\n<div style=\"text-align: center;\">Vin\u00a0d&rsquo;jeu\u00a0d&rsquo;coup\u00a0d&rsquo;coeur\u00a0de Benoit:<br \/>\n<a href=\"http:\/\/vindjeu.blogspot.com\/2009\/04\/agricola.html\">Agricola<br \/>\n<\/a><br \/>\n<a href=\"http:\/\/2.bp.blogspot.com\/_ea2yja0GmY8\/Sz5_VonzFcI\/AAAAAAAAAuU\/dTkMyTrmgXE\/s1600-h\/2009+Agricola+2.jpg\"><img decoding=\"async\" id=\"BLOGGER_PHOTO_ID_5421911011058980290\" src=\"http:\/\/2.bp.blogspot.com\/_ea2yja0GmY8\/Sz5_VonzFcI\/AAAAAAAAAuU\/dTkMyTrmgXE\/s400\/2009+Agricola+2.jpg\" border=\"0\" alt=\"\" \/><\/a><\/p>\n<\/div>\n<div style=\"text-align: center;\">\n<p>Vin\u00a0d&rsquo;jeu\u00a0d&rsquo;coupd&rsquo;coeur\u00a0dePhilrey212:<br \/>\n<a href=\"http:\/\/vindjeu.blogspot.com\/2009\/05\/les-geants-de-lile-de-paques-2008-3-5j.html\">Les G\u00e9ants de l&rsquo;\u00eele de P\u00e2ques<\/a><\/p>\n<\/div>\n<div style=\"text-align: center;\">\n<p><a href=\"http:\/\/vindjeu.blogspot.com\/2009\/05\/les-geants-de-lile-de-paques-2008-3-5j.html\"><img decoding=\"async\" id=\"BLOGGER_PHOTO_ID_5421912062162214386\" src=\"http:\/\/1.bp.blogspot.com\/_ea2yja0GmY8\/Sz6AS0SVnfI\/AAAAAAAAAuc\/E0kDt6k4WlE\/s400\/2009+Geants+2.jpg\" border=\"0\" alt=\"\" \/><\/a><\/p>\n<div>Vin\u00a0d&rsquo;jeu\u00a0d&rsquo;coupd&rsquo;coeur\u00a0de\u00a0SwatSh:<br \/>\n<a href=\"http:\/\/vindjeu.blogspot.com\/2009\/11\/endeavor-essen-11.html\">Endeavor<\/a><\/div>\n<div><a href=\"http:\/\/3.bp.blogspot.com\/_ea2yja0GmY8\/Sz6BIB4ykpI\/AAAAAAAAAuk\/9bXCpY2-uVM\/s1600-h\/2009+Endeavor+2.jpg\"><img decoding=\"async\" id=\"BLOGGER_PHOTO_ID_5421912976346223250\" src=\"http:\/\/3.bp.blogspot.com\/_ea2yja0GmY8\/Sz6BIB4ykpI\/AAAAAAAAAuk\/9bXCpY2-uVM\/s400\/2009+Endeavor+2.jpg\" border=\"0\" alt=\"\" \/><\/a><\/div>\n<div>\n<p style=\"text-align: left;\">Et donc voil\u00e0, c&rsquo;est avec cette d\u00e9ferlante de prix que notre ann\u00e9e ludique 2009 se cl\u00f4ture. Une ann\u00e9e riche en d\u00e9couvertes, en rencontres et surtout en soir\u00e9es d&rsquo;jeux! Merci \u00e0 tous les participants occasionnels ou r\u00e9guliers de ce blog. Merci \u00e9galement \u00e0 vous de nous lire. Et merci enfin \u00e0 tous ces auteurs qui nous ont fait r\u00eaver et passer d&rsquo;agr\u00e9ables moments.<\/p>\n<\/div>\n<\/div>\n<\/div>\n<\/div>\n","protected":false},"excerpt":{"rendered":"<p>Ces derniers temps,\u00a0Raf, Benoit,\u00a0Philrey212 et moi-m\u00eame avons rejou\u00e9 \u00e0 certains jeux dans le but d&rsquo;\u00e9lire ensemble le Vin\u00a0d&rsquo;jeu\u00a0d&rsquo;l&rsquo;ann\u00e9e. Et nous sommes rapidement arriv\u00e9s \u00e0 un choix commun: LeVin\u00a0d&rsquo;jeu\u00a0d&rsquo;l&rsquo;ann\u00e9e\u00a02009\u00a0est donc: Carson\u00a0City Bravo \u00e0 ce magnifique jeu et \u00e0 son auteur\u00a0Xavier\u00a0Georges! Vous avez peut \u00eatre remarqu\u00e9 que nos go\u00fbts chez Vin\u00a0d&rsquo;jeu\u00a0diff\u00e8rent l\u00e9g\u00e8rement.&#46;&#46;&#46;<\/p>\n","protected":false},"author":2,"featured_media":0,"parent":454,"menu_order":0,"comment_status":"open","ping_status":"open","template":"","meta":{"_acf_changed":false,"footnotes":""},"class_list":["post-401","page","type-page","status-publish","hentry"],"acf":[],"_links":{"self":[{"href":"https:\/\/www.vindjeu.eu\/prd\/wp-json\/wp\/v2\/pages\/401","targetHints":{"allow":["GET"]}}],"collection":[{"href":"https:\/\/www.vindjeu.eu\/prd\/wp-json\/wp\/v2\/pages"}],"about":[{"href":"https:\/\/www.vindjeu.eu\/prd\/wp-json\/wp\/v2\/types\/page"}],"author":[{"embeddable":true,"href":"https:\/\/www.vindjeu.eu\/prd\/wp-json\/wp\/v2\/users\/2"}],"replies":[{"embeddable":true,"href":"https:\/\/www.vindjeu.eu\/prd\/wp-json\/wp\/v2\/comments?post=401"}],"version-history":[{"count":0,"href":"https:\/\/www.vindjeu.eu\/prd\/wp-json\/wp\/v2\/pages\/401\/revisions"}],"up":[{"embeddable":true,"href":"https:\/\/www.vindjeu.eu\/prd\/wp-json\/wp\/v2\/pages\/454"}],"wp:attachment":[{"href":"https:\/\/www.vindjeu.eu\/prd\/wp-json\/wp\/v2\/media?parent=401"}],"curies":[{"name":"wp","href":"https:\/\/api.w.org\/{rel}","templated":true}]}}