{"id":420,"date":"2010-05-24T16:52:25","date_gmt":"2010-05-24T15:52:25","guid":{"rendered":"http:\/\/www.vindjeu.eu\/essen\/"},"modified":"2010-05-24T17:05:27","modified_gmt":"2010-05-24T16:05:27","slug":"essen","status":"publish","type":"page","link":"https:\/\/www.vindjeu.eu\/prd\/essen\/","title":{"rendered":"Essen"},"content":{"rendered":"<p>Essen, le rendez-vous ludique \u00e0 ne pas manquer.<\/p>\n<p>C&rsquo;est d\u00e9j\u00e0 une habitude pour certains d&rsquo;entre nous, \u00e7a le devient pour d&rsquo;autre et c&rsquo;est nouveau pour &#8230; et bien ceux qui restent.<\/p>\n<p>Vous trouverez donc nos impression et le compte rendu de nos \u00ab\u00a0essais\u00a0\u00bb sur place, histoire de vous donner un peu l&rsquo;eau \u00e0 la bouche \ud83d\ude09<\/p>\n<p>Bonne lecture!<\/p>\n","protected":false},"excerpt":{"rendered":"<p>Essen, le rendez-vous ludique \u00e0 ne pas manquer. C&rsquo;est d\u00e9j\u00e0 une habitude pour certains d&rsquo;entre nous, \u00e7a le devient pour d&rsquo;autre et c&rsquo;est nouveau pour &#8230; et bien ceux qui restent. Vous trouverez donc nos impression et le compte rendu de nos \u00ab\u00a0essais\u00a0\u00bb sur place, histoire de vous donner un&#46;&#46;&#46;<\/p>\n","protected":false},"author":2,"featured_media":0,"parent":0,"menu_order":0,"comment_status":"open","ping_status":"open","template":"","meta":{"_acf_changed":false,"footnotes":""},"class_list":["post-420","page","type-page","status-publish","hentry"],"acf":[],"_links":{"self":[{"href":"https:\/\/www.vindjeu.eu\/prd\/wp-json\/wp\/v2\/pages\/420","targetHints":{"allow":["GET"]}}],"collection":[{"href":"https:\/\/www.vindjeu.eu\/prd\/wp-json\/wp\/v2\/pages"}],"about":[{"href":"https:\/\/www.vindjeu.eu\/prd\/wp-json\/wp\/v2\/types\/page"}],"author":[{"embeddable":true,"href":"https:\/\/www.vindjeu.eu\/prd\/wp-json\/wp\/v2\/users\/2"}],"replies":[{"embeddable":true,"href":"https:\/\/www.vindjeu.eu\/prd\/wp-json\/wp\/v2\/comments?post=420"}],"version-history":[{"count":0,"href":"https:\/\/www.vindjeu.eu\/prd\/wp-json\/wp\/v2\/pages\/420\/revisions"}],"wp:attachment":[{"href":"https:\/\/www.vindjeu.eu\/prd\/wp-json\/wp\/v2\/media?parent=420"}],"curies":[{"name":"wp","href":"https:\/\/api.w.org\/{rel}","templated":true}]}}