{"id":423,"date":"2010-05-24T16:57:22","date_gmt":"2010-05-24T15:57:22","guid":{"rendered":"http:\/\/www.vindjeu.eu\/?page_id=423"},"modified":"2014-10-12T20:02:40","modified_gmt":"2014-10-12T18:02:40","slug":"liste-swatsh","status":"publish","type":"page","link":"https:\/\/www.vindjeu.eu\/prd\/essen\/essen-2009\/listes\/liste-swatsh\/","title":{"rendered":"SwatSh (2009)"},"content":{"rendered":"<p style=\"text-align: center;\"><a href=\"http:\/\/3.bp.blogspot.com\/_ea2yja0GmY8\/SsKQvdLNKEI\/AAAAAAAAAZk\/6FnouWqp9ko\/s1600-h\/Essen.gif\"><img decoding=\"async\" id=\"BLOGGER_PHOTO_ID_5387027249248413762\" class=\"aligncenter\" src=\"http:\/\/3.bp.blogspot.com\/_ea2yja0GmY8\/SsKQvdLNKEI\/AAAAAAAAAZk\/6FnouWqp9ko\/s400\/Essen.gif\" border=\"0\" alt=\"\" \/><\/a><\/p>\n<p>Comme chaque ann\u00e9e, cela devient une tradition, un rituel, un p\u00e9lerinage,&#8230; nous irons passer 3 jours \u00e0 Essen fin octobre pour le fameux grand, \u00e9nooorme salon du jeu!<\/p>\n<p>Nous reviendrons certainement avec de nombreux tests et un petit reportage.<\/p>\n<p>En attendant, c&rsquo;est l&rsquo;heure de pr\u00e9parer sa visite en faisant des listes&#8230; tadam!<\/p>\n<p>Et donc, voici la mienne. Celle des jeux que je compte bien tester durant ces 3 jours et donc vous en ramener un petit compte rendu:<\/p>\n<p>Le Palais (boite de plusieurs extensions) Ystari<br \/>\nEndeavor Ystari<br \/>\nAssyria Ystari<br \/>\nFunkenschlag Fabrik Manager Filosophia<br \/>\nCarcassonne le jeu de cartes Filosophia<br \/>\nDominion Rivages Filosophia<br \/>\nChicago Express ext Queen games<br \/>\nColonia Queen games<br \/>\nGods playground Treefrog<br \/>\nLast Train To Wensleydale Treefrog<br \/>\nSteam Barons Mayfair \/ Warfrog<br \/>\nWhite Moon (ext Ghost stories) Repos prod<br \/>\nTime&rsquo;s up ext gamegeek Repos prod<br \/>\nNeuroshima hex! Duel ext Iello<br \/>\nStronghold Iello<br \/>\nNostra City Hazgaard<br \/>\n2 ext Smallworld: Maauuudits &amp; Honneur aux dames Days of Wonder<br \/>\nAd Astra Nexus<br \/>\nImperial 2030 (extension) Rio Grande<br \/>\nLoups garous de Thierceleux: le village Asmodee<br \/>\nRoll through ages QWK Games<br \/>\nVasco de gama What&rsquo;s your game<br \/>\nCarson City Quined games<br \/>\nUbongo 3D Kosmos<br \/>\nAlcazar (de Kramer) Kosmos<br \/>\nNaissance et apog\u00e9e des empires Edge<br \/>\nDungeon twister 2: prison Ludically Hall 12 &#8211; Stand 12-64<br \/>\nValdora extra (extention) Abacus Spiele<br \/>\nHavana Eggertspiele<\/p>\n<p>Relire cette liste me redonne l&rsquo;eau \u00e0 la bouche&#8230;<\/p>\n<p>SwatSh.<\/p>\n","protected":false},"excerpt":{"rendered":"<p>Comme chaque ann\u00e9e, cela devient une tradition, un rituel, un p\u00e9lerinage,&#8230; nous irons passer 3 jours \u00e0 Essen fin octobre pour le fameux grand, \u00e9nooorme salon du jeu! Nous reviendrons certainement avec de nombreux tests et un petit reportage. En attendant, c&rsquo;est l&rsquo;heure de pr\u00e9parer sa visite en faisant des&#46;&#46;&#46;<\/p>\n","protected":false},"author":2,"featured_media":0,"parent":429,"menu_order":0,"comment_status":"open","ping_status":"open","template":"","meta":{"_acf_changed":false,"footnotes":""},"class_list":["post-423","page","type-page","status-publish","hentry"],"acf":[],"_links":{"self":[{"href":"https:\/\/www.vindjeu.eu\/prd\/wp-json\/wp\/v2\/pages\/423","targetHints":{"allow":["GET"]}}],"collection":[{"href":"https:\/\/www.vindjeu.eu\/prd\/wp-json\/wp\/v2\/pages"}],"about":[{"href":"https:\/\/www.vindjeu.eu\/prd\/wp-json\/wp\/v2\/types\/page"}],"author":[{"embeddable":true,"href":"https:\/\/www.vindjeu.eu\/prd\/wp-json\/wp\/v2\/users\/2"}],"replies":[{"embeddable":true,"href":"https:\/\/www.vindjeu.eu\/prd\/wp-json\/wp\/v2\/comments?post=423"}],"version-history":[{"count":0,"href":"https:\/\/www.vindjeu.eu\/prd\/wp-json\/wp\/v2\/pages\/423\/revisions"}],"up":[{"embeddable":true,"href":"https:\/\/www.vindjeu.eu\/prd\/wp-json\/wp\/v2\/pages\/429"}],"wp:attachment":[{"href":"https:\/\/www.vindjeu.eu\/prd\/wp-json\/wp\/v2\/media?parent=423"}],"curies":[{"name":"wp","href":"https:\/\/api.w.org\/{rel}","templated":true}]}}