{"id":4448,"date":"2012-11-04T19:06:06","date_gmt":"2012-11-04T18:06:06","guid":{"rendered":"http:\/\/www.vindjeu.eu\/?page_id=4448"},"modified":"2014-10-12T20:04:42","modified_gmt":"2014-10-12T18:04:42","slug":"essen-2012","status":"publish","type":"page","link":"https:\/\/www.vindjeu.eu\/prd\/essen\/essen-2012\/","title":{"rendered":"Essen 2012"},"content":{"rendered":"<p><a href=\"http:\/\/www.vindjeu.eu\/prd\/wp-content\/uploads\/2012\/10\/483-Essen-1.jpg\"><img loading=\"lazy\" decoding=\"async\" class=\"alignleft\" style=\"margin-left: 5px; margin-right: 5px;\" title=\"483 Essen 1\" src=\"http:\/\/www.vindjeu.eu\/prd\/wp-content\/uploads\/2012\/10\/483-Essen-1-300x225.jpg\" alt=\"\" width=\"300\" height=\"225\" \/><\/a><\/p>\n<p>Nous voil\u00e0 donc de retour d&rsquo;Essen, 3 jours de folie, de bonne viande, de jeux partout, de coffre trop petit, d&rsquo;amis tr\u00e8s sympas et de rencontres fortuites.<\/p>\n<p>Un Essen marqu\u00e9 par 2 types de jeu qu&rsquo;on pouvait rencontrer \u00e0 chaque coin du salon:\u00a0les jeux coop\u00e9ratifs\u00a0et les\u00a0jeux de draft\u00a0de type \u00ab\u00a0<a href=\"http:\/\/www.vindjeu.eu\/2010\/11\/22\/7-wonders\/\">7 Wonders<\/a>\u00a0\u00bb ou plus anciennement \u00ab\u00a0<a href=\"http:\/\/www.vindjeu.eu\/2011\/05\/21\/magic-the-gathering\/\">Magic<\/a>\u00ab\u00a0. \u00a0On peut d&rsquo;ailleurs oser dire que 7 Wonders a clairement marqu\u00e9 un tournant dans l&rsquo;\u00e9volution des jeux de soci\u00e9t\u00e9 modernes au m\u00eame titre que les Colons de Catane,\u00a0<a href=\"http:\/\/www.vindjeu.eu\/2010\/08\/22\/carcassonne-a-la-prehistoire\/\">Carcassonne<\/a>,\u00a0<a href=\"http:\/\/www.vindjeu.eu\/2011\/05\/08\/agricola\/\">Agricola<\/a> ou<a href=\"http:\/\/www.vindjeu.eu\/2009\/01\/24\/dominion\/\">Dominion<\/a>. \u00a0Encore bravo \u00e0\u00a0<a href=\"http:\/\/www.vindjeu.eu\/auteurs\/antoine-bauza\/\">Antoine Bauza<\/a>, le cr\u00e9ateur de 7 Wonders qui aura, cette ann\u00e9e \u00e9galement, sorti un petit succ\u00e8s: Tokaido. \u00a0On y revient, promis!<\/p>\n<p>Nous avons jou\u00e9 \u00e0\u00a017 jeux\u00a0et sommes occup\u00e9s de vous en pr\u00e9parer les comptes rendus. \u00a0 Mais ce n&rsquo;est pas tout, puisqu&rsquo;il va maintenant falloir jouer \u00e0 ces nombreux jeux rapport\u00e9s d&rsquo;Essen et vous en serez les t\u00e9moins \ud83d\ude42<\/p>\n<p>D\u00e8s les prochains jours donc, les premiers avis des jeux d&rsquo;Essen commenceront \u00e0 para\u00eetre sur\u00a0Vin d&rsquo;jeu. \u00a0Tout d&rsquo;abord nos avis sur les 17 jeux jou\u00e9s sur place et ensuite les avis sur les\u00a040 jeux ramen\u00e9s\u00a0et jou\u00e9s ici chez nous! \u00a0Oui oui y&rsquo;a du boulot! \ud83d\ude00 \u00a0D&rsquo;ici-l\u00e0, un petit compte rendu g\u00e9n\u00e9ral des choses qui nous ont marqu\u00e9es lors de cette \u00e9dition.<\/p>\n<p>Amusez-vous bien!<\/p>\n<p>SwatSh.<\/p>\n<p><a href=\"http:\/\/www.vindjeu.eu\/prd\/wp-content\/uploads\/2012\/10\/483-Essen-2.jpg\"><img loading=\"lazy\" decoding=\"async\" title=\"483 Essen 2\" src=\"http:\/\/www.vindjeu.eu\/prd\/wp-content\/uploads\/2012\/10\/483-Essen-2-768x1024.jpg\" alt=\"\" width=\"538\" height=\"717\" \/><\/a><\/p>\n<p>Voil\u00e0 la grande sortie \u00ab\u00a0enfants\u00a0\u00bb de Zoch: Riff Raff (tr\u00e8s bon magasine de musique\u00a0par ailleurs &#8211;\u00a0pour les connaisseurs \ud83d\ude42 ). \u00a0Joli jeu d&rsquo;\u00e9quilibre.<\/p>\n<p><a href=\"http:\/\/www.vindjeu.eu\/prd\/wp-content\/uploads\/2012\/10\/483-Essen-3.jpg\"><img loading=\"lazy\" decoding=\"async\" title=\"483 Essen 3\" src=\"http:\/\/www.vindjeu.eu\/prd\/wp-content\/uploads\/2012\/10\/483-Essen-3-1024x768.jpg\" alt=\"\" width=\"717\" height=\"538\" \/><\/a><\/p>\n<p>Die Palaste von Carrara expliqu\u00e9 par son auteur de l\u00e9gende: Wolfgang Kramer himself! \u00a0Bien sympathique par ailleurs et toujours plein de vigueur! \u00a0Un jeu poid moyen bien huil\u00e9 ( \ud83d\ude09 ) \u00e0 l&rsquo;Allemande. \u00a0On y a jou\u00e9. \u00a0On y revient donc&#8230;<\/p>\n<p><a href=\"http:\/\/www.vindjeu.eu\/prd\/wp-content\/uploads\/2012\/10\/483-Essen-4.jpg\"><img loading=\"lazy\" decoding=\"async\" title=\"483 Essen 4\" src=\"http:\/\/www.vindjeu.eu\/prd\/wp-content\/uploads\/2012\/10\/483-Essen-4-768x1024.jpg\" alt=\"\" width=\"538\" height=\"717\" \/><\/a><\/p>\n<p>Attention, \u00e7a va exploser! \u00a0\ud83d\ude00<\/p>\n<p><a href=\"http:\/\/www.vindjeu.eu\/prd\/wp-content\/uploads\/2012\/10\/483-Essen-5.jpg\"><img loading=\"lazy\" decoding=\"async\" title=\"483 Essen 5\" src=\"http:\/\/www.vindjeu.eu\/prd\/wp-content\/uploads\/2012\/10\/483-Essen-5-1024x768.jpg\" alt=\"\" width=\"717\" height=\"538\" \/><\/a><\/p>\n<p>Andor, expliqu\u00e9 par son auteur, Micha\u00ebl Menzel dont c&rsquo;est le premier jeu. \u00a0On peut dire qu&rsquo;il a fait fort pour son premier jeu et que ses \u00e9diteurs ont eu le nez fin (Iello &amp; Kosmos). \u00a0Andor est assur\u00e9ment un des grands succ\u00e8s du salon 2012. \u00a0Jouable \u00e0 de nombreuses tables et fort appr\u00e9ci\u00e9 des joueurs \u00ab\u00a0familiaux\u00a0\u00bb \/ \u00ab\u00a0poids moyen\u00a0\u00bb. \u00a0Andor fait d&rsquo;ailleurs partie du top 10 du classement Fairplay. \u00a0Nous n&rsquo;avons malheureusement pas ramen\u00e9 de boite de celui-ci.<\/p>\n<p>Et voici le Dragon en grand<\/p>\n<p><a href=\"http:\/\/www.vindjeu.eu\/prd\/wp-content\/uploads\/2012\/11\/andor.jpg\"><img loading=\"lazy\" decoding=\"async\" class=\"alignnone size-full wp-image-4451\" title=\"Figurine de jeu\" src=\"http:\/\/www.vindjeu.eu\/prd\/wp-content\/uploads\/2012\/11\/andor.jpg\" alt=\"\" width=\"768\" height=\"576\" srcset=\"https:\/\/www.vindjeu.eu\/prd\/wp-content\/uploads\/2012\/11\/andor.jpg 768w, https:\/\/www.vindjeu.eu\/prd\/wp-content\/uploads\/2012\/11\/andor-300x225.jpg 300w, https:\/\/www.vindjeu.eu\/prd\/wp-content\/uploads\/2012\/11\/andor-150x112.jpg 150w, https:\/\/www.vindjeu.eu\/prd\/wp-content\/uploads\/2012\/11\/andor-400x300.jpg 400w\" sizes=\"auto, (max-width: 768px) 100vw, 768px\" \/><\/a><\/p>\n<p><a href=\"http:\/\/www.vindjeu.eu\/prd\/wp-content\/uploads\/2012\/10\/483-Essen-6.jpg\"><img loading=\"lazy\" decoding=\"async\" title=\"483 Essen 6\" src=\"http:\/\/www.vindjeu.eu\/prd\/wp-content\/uploads\/2012\/10\/483-Essen-6-768x1024.jpg\" alt=\"\" width=\"538\" height=\"717\" \/><\/a><\/p>\n<p>Voil\u00e0 un des jeux \u00ab\u00a0ovni\u00a0\u00bb du salon. \u00a0Y&rsquo;en a un second mais je vous garde la surprise pour plus tard. \u00a0Mr &amp; Mme<a href=\"http:\/\/www.ludigaume.be\/v3\/php\/lg_index.php\">Ludigaume<\/a> en sont t\u00e9moins: un des plus grands fou rire de chez\u00a0Vin d&rsquo;jeu. \u00a0Enfin bref, un autre jeu OVNI ici avec plein de jolis d\u00e9s et un plateau immense et r\u00e9tro \u00e9clair\u00e9 ce qui donne le plus bel effet. \u00a0Le prix? \u00a0Pas cher! \u00a0110 Eur pour le matos complet mais il faut encore tout construire soi-m\u00eame&#8230; \u00a0Oui, ils n&rsquo;ont pas peur!<\/p>\n<p><a href=\"http:\/\/www.vindjeu.eu\/prd\/wp-content\/uploads\/2012\/10\/483-Essen-7.jpg\"><img loading=\"lazy\" decoding=\"async\" title=\"483 Essen 7\" src=\"http:\/\/www.vindjeu.eu\/prd\/wp-content\/uploads\/2012\/10\/483-Essen-7-1024x768.jpg\" alt=\"\" width=\"717\" height=\"538\" \/><\/a><\/p>\n<p>Les 2 sorties de nos copains de chez\u00a0<a href=\"http:\/\/www.vindjeu.eu\/editeurs\/pearl-games\/\">Pearl Games<\/a>:\u00a0<a href=\"http:\/\/www.vindjeu.eu\/2012\/10\/16\/ginkgopolis\/\">Ginkgopolis<\/a> &amp; les dames de\u00a0<a href=\"http:\/\/www.vindjeu.eu\/2012\/03\/19\/troyes\/\">Troyes<\/a>. \u00a0On peut dire que\u00a0<a href=\"http:\/\/www.vindjeu.eu\/auteurs\/xavier-georges\/\">Xavier Georges<\/a> &amp;\u00a0<a href=\"http:\/\/www.vindjeu.eu\/editeurs\/pearl-games\/\">Pearl Games <\/a>r\u00e9ussissent bien leur Essen depuis 3 ans: \u00a0<a href=\"http:\/\/www.vindjeu.eu\/2012\/10\/16\/ginkgopolis\/\">Ginkgopolis<\/a> est 3\u00e8me au classement Fairplay et 15\u00e8me au BGG Geek buzzz. \u00a0Assur\u00e9ment un des pr\u00e9tendants au Spiel Des Jahres!<\/p>\n<p><a href=\"http:\/\/www.vindjeu.eu\/prd\/wp-content\/uploads\/2012\/11\/chateau.jpg\"><img loading=\"lazy\" decoding=\"async\" class=\"alignnone size-full wp-image-4452\" title=\"chateau\" src=\"http:\/\/www.vindjeu.eu\/prd\/wp-content\/uploads\/2012\/11\/chateau.jpg\" alt=\"\" width=\"768\" height=\"576\" srcset=\"https:\/\/www.vindjeu.eu\/prd\/wp-content\/uploads\/2012\/11\/chateau.jpg 768w, https:\/\/www.vindjeu.eu\/prd\/wp-content\/uploads\/2012\/11\/chateau-300x225.jpg 300w, https:\/\/www.vindjeu.eu\/prd\/wp-content\/uploads\/2012\/11\/chateau-150x112.jpg 150w, https:\/\/www.vindjeu.eu\/prd\/wp-content\/uploads\/2012\/11\/chateau-400x300.jpg 400w\" sizes=\"auto, (max-width: 768px) 100vw, 768px\" \/><\/a><\/p>\n<p>Pas mal le plateau de jeu en 3D! Pi\u00e8ce unique?<\/p>\n<p><a href=\"http:\/\/www.vindjeu.eu\/prd\/wp-content\/uploads\/2012\/11\/inconnu.jpg\"><img loading=\"lazy\" decoding=\"async\" class=\"alignnone size-full wp-image-4453\" title=\"Nom de jeu inconnu\" src=\"http:\/\/www.vindjeu.eu\/prd\/wp-content\/uploads\/2012\/11\/inconnu.jpg\" alt=\"\" width=\"768\" height=\"576\" srcset=\"https:\/\/www.vindjeu.eu\/prd\/wp-content\/uploads\/2012\/11\/inconnu.jpg 768w, https:\/\/www.vindjeu.eu\/prd\/wp-content\/uploads\/2012\/11\/inconnu-300x225.jpg 300w, https:\/\/www.vindjeu.eu\/prd\/wp-content\/uploads\/2012\/11\/inconnu-150x112.jpg 150w, https:\/\/www.vindjeu.eu\/prd\/wp-content\/uploads\/2012\/11\/inconnu-400x300.jpg 400w\" sizes=\"auto, (max-width: 768px) 100vw, 768px\" \/><\/a><\/p>\n<p>Malheureusement, je ne me souviens plus du nom de ce jeu mais le mat\u00e9riel est plus qu&rsquo;attrayant!<\/p>\n<p><a href=\"http:\/\/www.vindjeu.eu\/prd\/wp-content\/uploads\/2012\/11\/hallyfally.jpg\"><img loading=\"lazy\" decoding=\"async\" class=\"alignnone size-full wp-image-4454\" title=\"Hally Fally\" src=\"http:\/\/www.vindjeu.eu\/prd\/wp-content\/uploads\/2012\/11\/hallyfally.jpg\" alt=\"\" width=\"576\" height=\"768\" srcset=\"https:\/\/www.vindjeu.eu\/prd\/wp-content\/uploads\/2012\/11\/hallyfally.jpg 576w, https:\/\/www.vindjeu.eu\/prd\/wp-content\/uploads\/2012\/11\/hallyfally-225x300.jpg 225w, https:\/\/www.vindjeu.eu\/prd\/wp-content\/uploads\/2012\/11\/hallyfally-112x150.jpg 112w, https:\/\/www.vindjeu.eu\/prd\/wp-content\/uploads\/2012\/11\/hallyfally-400x533.jpg 400w\" sizes=\"auto, (max-width: 576px) 100vw, 576px\" \/><\/a><\/p>\n<p>Hally Fally: sa pr\u00e9sentation pour la presse.<\/p>\n<p><a href=\"http:\/\/www.vindjeu.eu\/prd\/wp-content\/uploads\/2012\/11\/jagdrevier.jpg\"><img loading=\"lazy\" decoding=\"async\" class=\"alignnone size-full wp-image-4455\" title=\"Jagdrevier\" src=\"http:\/\/www.vindjeu.eu\/prd\/wp-content\/uploads\/2012\/11\/jagdrevier.jpg\" alt=\"\" width=\"586\" height=\"781\" srcset=\"https:\/\/www.vindjeu.eu\/prd\/wp-content\/uploads\/2012\/11\/jagdrevier.jpg 586w, https:\/\/www.vindjeu.eu\/prd\/wp-content\/uploads\/2012\/11\/jagdrevier-225x300.jpg 225w, https:\/\/www.vindjeu.eu\/prd\/wp-content\/uploads\/2012\/11\/jagdrevier-112x150.jpg 112w, https:\/\/www.vindjeu.eu\/prd\/wp-content\/uploads\/2012\/11\/jagdrevier-400x533.jpg 400w\" sizes=\"auto, (max-width: 586px) 100vw, 586px\" \/><\/a><\/p>\n<p>Jagdrevier: la pr\u00e9sentation pour la presse<\/p>\n<p><a href=\"http:\/\/www.vindjeu.eu\/prd\/wp-content\/uploads\/2012\/11\/terramystica.jpg\"><img loading=\"lazy\" decoding=\"async\" class=\"alignnone size-full wp-image-4456\" title=\"Terra Mystica\" src=\"http:\/\/www.vindjeu.eu\/prd\/wp-content\/uploads\/2012\/11\/terramystica.jpg\" alt=\"\" width=\"768\" height=\"576\" srcset=\"https:\/\/www.vindjeu.eu\/prd\/wp-content\/uploads\/2012\/11\/terramystica.jpg 768w, https:\/\/www.vindjeu.eu\/prd\/wp-content\/uploads\/2012\/11\/terramystica-300x225.jpg 300w, https:\/\/www.vindjeu.eu\/prd\/wp-content\/uploads\/2012\/11\/terramystica-150x112.jpg 150w, https:\/\/www.vindjeu.eu\/prd\/wp-content\/uploads\/2012\/11\/terramystica-400x300.jpg 400w\" sizes=\"auto, (max-width: 768px) 100vw, 768px\" \/><\/a><\/p>\n<p>Terra Mystica et son mat\u00e9riel abondant. Hmm, j&rsquo;ai h\u00e2te d&rsquo;y jouer!<\/p>\n<p><a href=\"http:\/\/www.vindjeu.eu\/prd\/wp-content\/uploads\/2012\/11\/samuraibattles.jpg\"><img loading=\"lazy\" decoding=\"async\" class=\"alignnone size-full wp-image-4457\" title=\"Samura\u00ef Battles\" src=\"http:\/\/www.vindjeu.eu\/prd\/wp-content\/uploads\/2012\/11\/samuraibattles.jpg\" alt=\"\" width=\"768\" height=\"576\" srcset=\"https:\/\/www.vindjeu.eu\/prd\/wp-content\/uploads\/2012\/11\/samuraibattles.jpg 768w, https:\/\/www.vindjeu.eu\/prd\/wp-content\/uploads\/2012\/11\/samuraibattles-300x225.jpg 300w, https:\/\/www.vindjeu.eu\/prd\/wp-content\/uploads\/2012\/11\/samuraibattles-150x112.jpg 150w, https:\/\/www.vindjeu.eu\/prd\/wp-content\/uploads\/2012\/11\/samuraibattles-400x300.jpg 400w\" sizes=\"auto, (max-width: 768px) 100vw, 768px\" \/><\/a><\/p>\n<p>Et c&rsquo;est fourni en standard dans toutes les bo\u00eete de Samura\u00ef Battles<\/p>\n<p><a href=\"http:\/\/www.vindjeu.eu\/prd\/wp-content\/uploads\/2012\/11\/presse01.jpg\"><img loading=\"lazy\" decoding=\"async\" class=\"alignnone size-full wp-image-4458\" title=\"Ch\u00e2teau impressionnant\" src=\"http:\/\/www.vindjeu.eu\/prd\/wp-content\/uploads\/2012\/11\/presse01.jpg\" alt=\"\" width=\"768\" height=\"576\" srcset=\"https:\/\/www.vindjeu.eu\/prd\/wp-content\/uploads\/2012\/11\/presse01.jpg 768w, https:\/\/www.vindjeu.eu\/prd\/wp-content\/uploads\/2012\/11\/presse01-300x225.jpg 300w, https:\/\/www.vindjeu.eu\/prd\/wp-content\/uploads\/2012\/11\/presse01-150x112.jpg 150w, https:\/\/www.vindjeu.eu\/prd\/wp-content\/uploads\/2012\/11\/presse01-400x300.jpg 400w\" sizes=\"auto, (max-width: 768px) 100vw, 768px\" \/><\/a><\/p>\n<p>Impressionnant ch\u00e2teau et ses figurants. Ils y en avait plusieurs pour pr\u00e9senter leurs jeux.<\/p>\n<p><a href=\"http:\/\/www.vindjeu.eu\/prd\/wp-content\/uploads\/2012\/11\/figurante.jpg\"><img loading=\"lazy\" decoding=\"async\" class=\"alignnone size-full wp-image-4459\" title=\"Figurante en feuilles\" src=\"http:\/\/www.vindjeu.eu\/prd\/wp-content\/uploads\/2012\/11\/figurante.jpg\" alt=\"\" width=\"576\" height=\"768\" srcset=\"https:\/\/www.vindjeu.eu\/prd\/wp-content\/uploads\/2012\/11\/figurante.jpg 576w, https:\/\/www.vindjeu.eu\/prd\/wp-content\/uploads\/2012\/11\/figurante-225x300.jpg 225w, https:\/\/www.vindjeu.eu\/prd\/wp-content\/uploads\/2012\/11\/figurante-112x150.jpg 112w, https:\/\/www.vindjeu.eu\/prd\/wp-content\/uploads\/2012\/11\/figurante-400x533.jpg 400w\" sizes=\"auto, (max-width: 576px) 100vw, 576px\" \/><\/a><\/p>\n<p>Qu&rsquo;est-ce que je vous disais!<\/p>\n<p><a href=\"http:\/\/www.vindjeu.eu\/prd\/wp-content\/uploads\/2012\/11\/krimitotal.jpg\"><img loading=\"lazy\" decoding=\"async\" class=\"alignnone size-full wp-image-4463\" title=\"Krimi total\" src=\"http:\/\/www.vindjeu.eu\/prd\/wp-content\/uploads\/2012\/11\/krimitotal.jpg\" alt=\"\" width=\"576\" height=\"768\" srcset=\"https:\/\/www.vindjeu.eu\/prd\/wp-content\/uploads\/2012\/11\/krimitotal.jpg 576w, https:\/\/www.vindjeu.eu\/prd\/wp-content\/uploads\/2012\/11\/krimitotal-225x300.jpg 225w, https:\/\/www.vindjeu.eu\/prd\/wp-content\/uploads\/2012\/11\/krimitotal-112x150.jpg 112w, https:\/\/www.vindjeu.eu\/prd\/wp-content\/uploads\/2012\/11\/krimitotal-400x533.jpg 400w\" sizes=\"auto, (max-width: 576px) 100vw, 576px\" \/><\/a><\/p>\n<p>Krimi total, bien pr\u00e9sent\u00e9!<\/p>\n<p><a href=\"http:\/\/www.vindjeu.eu\/prd\/wp-content\/uploads\/2012\/11\/mafiacity.jpg\"><img loading=\"lazy\" decoding=\"async\" class=\"alignnone size-full wp-image-4460\" title=\"Mafia City\" src=\"http:\/\/www.vindjeu.eu\/prd\/wp-content\/uploads\/2012\/11\/mafiacity.jpg\" alt=\"\" width=\"768\" height=\"576\" srcset=\"https:\/\/www.vindjeu.eu\/prd\/wp-content\/uploads\/2012\/11\/mafiacity.jpg 768w, https:\/\/www.vindjeu.eu\/prd\/wp-content\/uploads\/2012\/11\/mafiacity-300x225.jpg 300w, https:\/\/www.vindjeu.eu\/prd\/wp-content\/uploads\/2012\/11\/mafiacity-150x112.jpg 150w, https:\/\/www.vindjeu.eu\/prd\/wp-content\/uploads\/2012\/11\/mafiacity-400x300.jpg 400w\" sizes=\"auto, (max-width: 768px) 100vw, 768px\" \/><\/a><\/p>\n<p>Mafia City: pr\u00e9sentation pour la presse<\/p>\n<p><a href=\"http:\/\/www.vindjeu.eu\/prd\/wp-content\/uploads\/2012\/11\/mafiafigurants.jpg\"><img loading=\"lazy\" decoding=\"async\" class=\"alignnone size-full wp-image-4461\" title=\"Mafia City: figurants\" src=\"http:\/\/www.vindjeu.eu\/prd\/wp-content\/uploads\/2012\/11\/mafiafigurants.jpg\" alt=\"\" width=\"768\" height=\"576\" srcset=\"https:\/\/www.vindjeu.eu\/prd\/wp-content\/uploads\/2012\/11\/mafiafigurants.jpg 768w, https:\/\/www.vindjeu.eu\/prd\/wp-content\/uploads\/2012\/11\/mafiafigurants-300x225.jpg 300w, https:\/\/www.vindjeu.eu\/prd\/wp-content\/uploads\/2012\/11\/mafiafigurants-150x112.jpg 150w, https:\/\/www.vindjeu.eu\/prd\/wp-content\/uploads\/2012\/11\/mafiafigurants-400x300.jpg 400w\" sizes=\"auto, (max-width: 768px) 100vw, 768px\" \/><\/a><\/p>\n<p>Et voici ceux qui pr\u00e9sentent le jeu (Mafia City)<\/p>\n<p><a href=\"http:\/\/www.vindjeu.eu\/prd\/wp-content\/uploads\/2012\/10\/483-Essen-8.jpg\"><img loading=\"lazy\" decoding=\"async\" title=\"483 Essen 8\" src=\"http:\/\/www.vindjeu.eu\/prd\/wp-content\/uploads\/2012\/10\/483-Essen-8-768x1024.jpg\" alt=\"\" width=\"538\" height=\"717\" \/><\/a><\/p>\n<p>Colon de Catan sur tablettes. \u00a0H\u00e9 oui, Essen, \u00e7a parle aussi des grands classiques!<\/p>\n<p><a href=\"http:\/\/www.vindjeu.eu\/prd\/wp-content\/uploads\/2012\/10\/483-Essen-9.jpg\"><img loading=\"lazy\" decoding=\"async\" title=\"483 Essen 9\" src=\"http:\/\/www.vindjeu.eu\/prd\/wp-content\/uploads\/2012\/10\/483-Essen-9-768x1024.jpg\" alt=\"\" width=\"538\" height=\"717\" \/><\/a><\/p>\n<p>Monopoly? \u00a0Bon OK, on passe!<\/p>\n<p><a href=\"http:\/\/www.vindjeu.eu\/prd\/wp-content\/uploads\/2012\/10\/483-Essen-10.jpg\"><img loading=\"lazy\" decoding=\"async\" title=\"483 Essen 10\" src=\"http:\/\/www.vindjeu.eu\/prd\/wp-content\/uploads\/2012\/10\/483-Essen-10-768x1024.jpg\" alt=\"\" width=\"538\" height=\"717\" \/><\/a><\/p>\n<p>Ha il m&rsquo;a bien tent\u00e9 celui-l\u00e0. \u00a0140 Eur pour tout le matos en plomb ainsi que 4 cartes diff\u00e9rentes pour cette r\u00e9\u00e9dition de Full Metal Planet (mais chuuuut m&rsquo;a dit l&rsquo;\u00e9diteur). \u00a0Pas pris!<\/p>\n<p><a href=\"http:\/\/www.vindjeu.eu\/prd\/wp-content\/uploads\/2012\/10\/483-Essen-11.jpg\"><img loading=\"lazy\" decoding=\"async\" title=\"483 Essen 11\" src=\"http:\/\/www.vindjeu.eu\/prd\/wp-content\/uploads\/2012\/10\/483-Essen-11-1024x768.jpg\" alt=\"\" width=\"717\" height=\"538\" \/><\/a><\/p>\n<p>Essen, c&rsquo;est aussi pour les nenfants: \u00a0La preuve! (et il y en a beaucoup d&rsquo;autres)<\/p>\n<p><a href=\"http:\/\/www.vindjeu.eu\/prd\/wp-content\/uploads\/2012\/11\/monstre.jpg\"><img loading=\"lazy\" decoding=\"async\" class=\"alignnone size-full wp-image-4462\" title=\"Figurine\" src=\"http:\/\/www.vindjeu.eu\/prd\/wp-content\/uploads\/2012\/11\/monstre.jpg\" alt=\"\" width=\"576\" height=\"768\" srcset=\"https:\/\/www.vindjeu.eu\/prd\/wp-content\/uploads\/2012\/11\/monstre.jpg 576w, https:\/\/www.vindjeu.eu\/prd\/wp-content\/uploads\/2012\/11\/monstre-225x300.jpg 225w, https:\/\/www.vindjeu.eu\/prd\/wp-content\/uploads\/2012\/11\/monstre-112x150.jpg 112w, https:\/\/www.vindjeu.eu\/prd\/wp-content\/uploads\/2012\/11\/monstre-400x533.jpg 400w\" sizes=\"auto, (max-width: 576px) 100vw, 576px\" \/><\/a><\/p>\n<p>Et on trouve aussi pas mal de figurine \u00e0 Essen. Pas mal, hein?<\/p>\n<p><a href=\"http:\/\/www.vindjeu.eu\/prd\/wp-content\/uploads\/2012\/10\/483-Essen-12.jpg\"><img loading=\"lazy\" decoding=\"async\" title=\"483 Essen 12\" src=\"http:\/\/www.vindjeu.eu\/prd\/wp-content\/uploads\/2012\/10\/483-Essen-12-1024x768.jpg\" alt=\"\" width=\"717\" height=\"538\" \/><\/a>Un perplexus g\u00e9ant! \u00a0Tout amateur devait s&rsquo;y essayer! \u00a0Tu vois le brain l\u00e0? \ud83d\ude00<\/p>\n<p><a href=\"http:\/\/www.vindjeu.eu\/prd\/wp-content\/uploads\/2012\/11\/personalise.jpg\"><img loading=\"lazy\" decoding=\"async\" class=\"alignnone size-full wp-image-4464\" title=\"Jeu personnalis\u00e9\" src=\"http:\/\/www.vindjeu.eu\/prd\/wp-content\/uploads\/2012\/11\/personalise.jpg\" alt=\"\" width=\"768\" height=\"576\" srcset=\"https:\/\/www.vindjeu.eu\/prd\/wp-content\/uploads\/2012\/11\/personalise.jpg 768w, https:\/\/www.vindjeu.eu\/prd\/wp-content\/uploads\/2012\/11\/personalise-300x225.jpg 300w, https:\/\/www.vindjeu.eu\/prd\/wp-content\/uploads\/2012\/11\/personalise-150x112.jpg 150w, https:\/\/www.vindjeu.eu\/prd\/wp-content\/uploads\/2012\/11\/personalise-400x300.jpg 400w\" sizes=\"auto, (max-width: 768px) 100vw, 768px\" \/><\/a><\/p>\n<p>Voici un jeu personnalis\u00e9. tout le monde reconna\u00eetra le jeu en lui m\u00eame mais visez-moi les pions. Cool! Imaginez le jeu des petits chevaux avec la t\u00eate de tous vos potes comme pion. Lugubre ou pas, c&rsquo;est unique!<\/p>\n<p><a href=\"http:\/\/www.vindjeu.eu\/prd\/wp-content\/uploads\/2012\/10\/483-Essen-13.jpg\"><img loading=\"lazy\" decoding=\"async\" title=\"483 Essen 13\" src=\"http:\/\/www.vindjeu.eu\/prd\/wp-content\/uploads\/2012\/10\/483-Essen-13-768x1024.jpg\" alt=\"\" width=\"538\" height=\"717\" \/><\/a>Color Cube 81 (on y revient plus tard \ud83d\ude09 ). \u00a0Un jeu Cor\u00e9en dont l&rsquo;auteur et son \u00e9quipe sont tr\u00e8s sympathiques. \u00a0Ils vous montrent des photo d&rsquo;eux \u00e0 New York tellement ils sont fiers. \u00a0Et puis, il y a ce concours:<br \/>\n&#8211; si vous gagnez 1 fois contre un membre de l&rsquo;\u00e9quipe du jeu, vous recevez un bon de 10 Eur.<br \/>\n&#8211; si vous gagnez 3 fois contre un membre de l&rsquo;\u00e9quipe vous avez le droit d&rsquo;affronter le cr\u00e9ateur du jeu et si vous gagnez contre lui, vous recevez le jeu gratuit!!! \u00a0Ren a essay\u00e9. \u00a0Il a gagn\u00e9 2 fois mais a \u00e9chou\u00e9 lors de sa 3\u00e8me partie, au pied du podium! \u00a0Mais figurez-vous que durant nos parties, un Danois a battu the author himself (\u00e0 la tr\u00e8s grande surprise de l&rsquo;auteur lui-m\u00eame, je ne vous dis pas combien de fois j&rsquo;ai pu entendre \u00ab\u00a0ho no, he won!\u00a0\u00bb):<\/p>\n<p><a href=\"http:\/\/www.vindjeu.eu\/prd\/wp-content\/uploads\/2012\/10\/483-Essen-14.jpg\"><img loading=\"lazy\" decoding=\"async\" title=\"483 Essen 14\" src=\"http:\/\/www.vindjeu.eu\/prd\/wp-content\/uploads\/2012\/10\/483-Essen-14-768x1024.jpg\" alt=\"\" width=\"538\" height=\"717\" \/><\/a>Bravo mon gars et bravo \u00e0 l&rsquo;auteur pour cette id\u00e9e g\u00e9niale qui attirait du monde \u00e0 son stand ce qui \u00e9tait le but bien \u00e9videmment vu sa situation dans le palais 7 fort peu fr\u00e9quent\u00e9.<\/p>\n<p><a href=\"http:\/\/www.vindjeu.eu\/prd\/wp-content\/uploads\/2012\/10\/483-Essen-15.jpg\"><img loading=\"lazy\" decoding=\"async\" title=\"483 Essen 15\" src=\"http:\/\/www.vindjeu.eu\/prd\/wp-content\/uploads\/2012\/10\/483-Essen-15-1024x768.jpg\" alt=\"\" width=\"717\" height=\"538\" \/><\/a>Et voici la situation du farplay avant que nous ne quittions les lieux jusqu&rsquo;\u00e0 l&rsquo;ann\u00e9e prochaine. \u00a0Depuis lors, Keyflower a repris la 1\u00e8re place sans trop bouger le reste du classement.<\/p>\n<p>Assur\u00e9ment un Essen fort sympathique pour nous cette ann\u00e9e. \u00a0Nous avons pu jouer \u00e0 des bons jeux, aussi des moins bons mais nous n&rsquo;avons pas d\u00e9couvert \u00ab\u00a0la bombe\u00a0\u00bb lors du salon.<\/p>\n<p>Je suis s\u00fbr qu&rsquo;elle se situe encore dans nos boites cellophan\u00e9es \ud83d\ude09<\/p>\n","protected":false},"excerpt":{"rendered":"<p>Nous voil\u00e0 donc de retour d&rsquo;Essen, 3 jours de folie, de bonne viande, de jeux partout, de coffre trop petit, d&rsquo;amis tr\u00e8s sympas et de rencontres fortuites. Un Essen marqu\u00e9 par 2 types de jeu qu&rsquo;on pouvait rencontrer \u00e0 chaque coin du salon:\u00a0les jeux coop\u00e9ratifs\u00a0et les\u00a0jeux de draft\u00a0de type \u00ab\u00a07&#46;&#46;&#46;<\/p>\n","protected":false},"author":1,"featured_media":4451,"parent":420,"menu_order":0,"comment_status":"open","ping_status":"open","template":"","meta":{"_acf_changed":false,"footnotes":""},"class_list":["post-4448","page","type-page","status-publish","has-post-thumbnail","hentry"],"acf":[],"_links":{"self":[{"href":"https:\/\/www.vindjeu.eu\/prd\/wp-json\/wp\/v2\/pages\/4448","targetHints":{"allow":["GET"]}}],"collection":[{"href":"https:\/\/www.vindjeu.eu\/prd\/wp-json\/wp\/v2\/pages"}],"about":[{"href":"https:\/\/www.vindjeu.eu\/prd\/wp-json\/wp\/v2\/types\/page"}],"author":[{"embeddable":true,"href":"https:\/\/www.vindjeu.eu\/prd\/wp-json\/wp\/v2\/users\/1"}],"replies":[{"embeddable":true,"href":"https:\/\/www.vindjeu.eu\/prd\/wp-json\/wp\/v2\/comments?post=4448"}],"version-history":[{"count":0,"href":"https:\/\/www.vindjeu.eu\/prd\/wp-json\/wp\/v2\/pages\/4448\/revisions"}],"up":[{"embeddable":true,"href":"https:\/\/www.vindjeu.eu\/prd\/wp-json\/wp\/v2\/pages\/420"}],"wp:featuredmedia":[{"embeddable":true,"href":"https:\/\/www.vindjeu.eu\/prd\/wp-json\/wp\/v2\/media\/4451"}],"wp:attachment":[{"href":"https:\/\/www.vindjeu.eu\/prd\/wp-json\/wp\/v2\/media?parent=4448"}],"curies":[{"name":"wp","href":"https:\/\/api.w.org\/{rel}","templated":true}]}}