{"id":4652,"date":"2012-12-14T18:17:22","date_gmt":"2012-12-14T17:17:22","guid":{"rendered":"http:\/\/www.vindjeu.eu\/?page_id=4652"},"modified":"2014-10-12T20:07:33","modified_gmt":"2014-10-12T18:07:33","slug":"vin-djeu-dlannee-2012","status":"publish","type":"page","link":"https:\/\/www.vindjeu.eu\/prd\/vin-djeu-dlannee\/vin-djeu-dlannee-2012\/","title":{"rendered":"2012"},"content":{"rendered":"<h2 style=\"text-align: center;\"><a href=\"http:\/\/www.vindjeu.eu\/prd\/wp-content\/uploads\/2012\/11\/bouteille-vin-d-jeu-2012-v21.jpg\"><img loading=\"lazy\" decoding=\"async\" class=\"aligncenter\" title=\"bouteille vin d jeu 2012 v2\" src=\"http:\/\/www.vindjeu.eu\/prd\/wp-content\/uploads\/2012\/11\/bouteille-vin-d-jeu-2012-v21.jpg\" alt=\"\" width=\"408\" height=\"876\" \/><\/a>Notre Vin d&rsquo;jeu d&rsquo;l&rsquo;ann\u00e9e cette ann\u00e9e est:<\/h2>\n<p style=\"text-align: center;\"><a href=\"http:\/\/www.vindjeu.eu\/prd\/wp-content\/uploads\/2012\/11\/523-Descendance.jpg\"><img loading=\"lazy\" decoding=\"async\" class=\"aligncenter\" title=\"523 Descendance\" src=\"http:\/\/www.vindjeu.eu\/prd\/wp-content\/uploads\/2012\/11\/523-Descendance.jpg\" alt=\"\" width=\"474\" height=\"500\" \/><\/a><\/p>\n<h1 style=\"text-align: center;\"><a href=\"http:\/\/www.vindjeu.eu\/2012\/03\/25\/descendance-aide-de-jeu\/\">Descendance<\/a> (Village en anglais)<\/h1>\n<p style=\"text-align: center;\">Ce jeu a su regrouper tous nos suffrages. \u00a0Vraiment excellent!<\/p>\n<p>_______________________________________________________________________________________________________________________________________________<\/p>\n<p style=\"text-align: center;\">Comme chaque ann\u00e9e, \u00e0 c\u00f4t\u00e9 du Vin d&rsquo;jeu d&rsquo;l&rsquo;ann\u00e9e, chaque membre de Vin d&rsquo;jeu a l&rsquo;occasion d&rsquo;\u00e9lire son coup de coeur personnel.<\/p>\n<h1 style=\"text-align: center;\">Nos coups de coeur 2012<\/h1>\n<h2><a href=\"http:\/\/www.vindjeu.eu\/prd\/wp-content\/uploads\/2012\/11\/verre-vin-d-jeu-new-1-2012.jpg\"><img loading=\"lazy\" decoding=\"async\" class=\"aligncenter\" title=\"verre vin d jeu new 1 2012\" src=\"http:\/\/www.vindjeu.eu\/prd\/wp-content\/uploads\/2012\/11\/verre-vin-d-jeu-new-1-2012.jpg\" alt=\"\" width=\"298\" height=\"524\" \/><\/a><\/h2>\n<h2 style=\"text-align: center;\">SwatSh:<\/h2>\n<p style=\"text-align: center;\"><a href=\"http:\/\/www.vindjeu.eu\/prd\/wp-content\/uploads\/2012\/11\/524-Mage-Knight.jpg\"><img loading=\"lazy\" decoding=\"async\" class=\"aligncenter\" title=\"524 Mage Knight\" src=\"http:\/\/www.vindjeu.eu\/prd\/wp-content\/uploads\/2012\/11\/524-Mage-Knight.jpg\" alt=\"\" width=\"500\" height=\"357\" \/><\/a><\/p>\n<h1 style=\"text-align: center;\"><a href=\"http:\/\/www.vindjeu.eu\/2012\/02\/29\/mage-knight-aide-de-jeu\/\">Mage Knight<\/a><\/h1>\n<p>_______________________________________________________________________________________________________________________________________________<\/p>\n<h2 style=\"text-align: center;\">Philrey212:<\/h2>\n<p style=\"text-align: center;\"><a href=\"http:\/\/www.vindjeu.eu\/prd\/wp-content\/uploads\/2012\/11\/524-Dungeon-Petz.jpg\"><img loading=\"lazy\" decoding=\"async\" class=\"aligncenter\" title=\"524 Dungeon Petz\" src=\"http:\/\/www.vindjeu.eu\/prd\/wp-content\/uploads\/2012\/11\/524-Dungeon-Petz.jpg\" alt=\"\" width=\"500\" height=\"499\" \/><\/a><\/p>\n<h1 style=\"text-align: center;\"><a href=\"http:\/\/www.vindjeu.eu\/2012\/04\/17\/dungeon-petz-aide-de-jeu\/\">Dungeon Petz<\/a><\/h1>\n<p>_______________________________________________________________________________________________________________________________________________<\/p>\n<h2 style=\"text-align: center;\">Benoit:<\/h2>\n<h1 style=\"text-align: center;\"><a href=\"http:\/\/www.vindjeu.eu\/prd\/wp-content\/uploads\/2012\/11\/524-Core-World.jpg\"><img loading=\"lazy\" decoding=\"async\" title=\"524 Core World\" src=\"http:\/\/www.vindjeu.eu\/prd\/wp-content\/uploads\/2012\/11\/524-Core-World.jpg\" alt=\"\" width=\"500\" height=\"499\" \/><\/a><\/h1>\n<h1 style=\"text-align: center;\"><a href=\"http:\/\/www.vindjeu.eu\/2012\/11\/24\/core-worlds-galactic-orders\/\">Core World Galactic Orders<\/a><\/h1>\n<p>______________________________________________________________________________________________________________________________________________<\/p>\n<h2 style=\"text-align: center;\">Thierry:<\/h2>\n<h1 style=\"text-align: center;\"><a href=\"http:\/\/www.vindjeu.eu\/prd\/wp-content\/uploads\/2012\/11\/524-Ora-et-Labora.jpg\"><img loading=\"lazy\" decoding=\"async\" title=\"524 Ora et Labora\" src=\"http:\/\/www.vindjeu.eu\/prd\/wp-content\/uploads\/2012\/11\/524-Ora-et-Labora.jpg\" alt=\"\" width=\"127\" height=\"200\" \/><\/a><\/h1>\n<h1 style=\"text-align: center;\"><a href=\"http:\/\/www.vindjeu.eu\/2012\/06\/12\/ora-et-labora-aide-de-jeu\/\">Ora et Labora<\/a><\/h1>\n<p>_______________________________________________________________________________________________________________________________________________<\/p>\n<h2 style=\"text-align: center;\">Raf:<\/h2>\n<h1 style=\"text-align: center;\"><a href=\"http:\/\/www.vindjeu.eu\/prd\/wp-content\/uploads\/2012\/11\/524-Lords-of-waterdeep.jpg\"><img loading=\"lazy\" decoding=\"async\" title=\"524 Lords of waterdeep\" src=\"http:\/\/www.vindjeu.eu\/prd\/wp-content\/uploads\/2012\/11\/524-Lords-of-waterdeep.jpg\" alt=\"\" width=\"394\" height=\"500\" \/><\/a><\/h1>\n<h1 style=\"text-align: center;\"><a href=\"http:\/\/www.vindjeu.eu\/2012\/05\/29\/lords-of-waterdeep\/\">Lords of Waterdeep<\/a><\/h1>\n<p>_______________________________________________________________________________________________________________________________________________<\/p>\n<h2 style=\"text-align: center;\">Dan:<\/h2>\n<h1 style=\"text-align: center;\"><a href=\"http:\/\/www.vindjeu.eu\/prd\/wp-content\/uploads\/2012\/11\/524-Vanuatu.jpg\"><img loading=\"lazy\" decoding=\"async\" title=\"524 Vanuatu\" src=\"http:\/\/www.vindjeu.eu\/prd\/wp-content\/uploads\/2012\/11\/524-Vanuatu.jpg\" alt=\"\" width=\"365\" height=\"500\" \/><\/a><\/h1>\n<h1 style=\"text-align: center;\"><a href=\"http:\/\/www.vindjeu.eu\/2012\/03\/17\/vanuatu\/\">Vanuatu<\/a><\/h1>\n<p>_______________________________________________________________________________________________________________________________________________<\/p>\n<p>Enfin et non des moindres, comme l&rsquo;ann\u00e9e derni\u00e8re, vous, chers lecteurs, avez \u00e9lu par vote votre&#8230;<\/p>\n<h2 style=\"text-align: center;\">Vin d&rsquo;jeu d&rsquo;l&rsquo;ann\u00e9e des lecteurs:<\/h2>\n<h1 style=\"text-align: center;\"><a href=\"http:\/\/www.vindjeu.eu\/prd\/wp-content\/uploads\/2012\/11\/524-Trajan.jpg\"><img loading=\"lazy\" decoding=\"async\" title=\"524 Trajan\" src=\"http:\/\/www.vindjeu.eu\/prd\/wp-content\/uploads\/2012\/11\/524-Trajan.jpg\" alt=\"\" width=\"362\" height=\"500\" \/><\/a><\/h1>\n<h1 style=\"text-align: center;\"><a href=\"http:\/\/www.vindjeu.eu\/2012\/04\/23\/trajan\/\">Trajan<\/a><\/h1>\n<h2>Le trio de t\u00eate des lecteurs est le suivant:<\/h2>\n<p>1.\u00a0<a href=\"http:\/\/www.vindjeu.eu\/2012\/04\/23\/trajan\/\">Trajan<\/a><\/p>\n<p>2.\u00a0<a href=\"http:\/\/www.vindjeu.eu\/2012\/03\/25\/descendance-aide-de-jeu\/\">Descendance<\/a><\/p>\n<p>3.\u00a0<a href=\"http:\/\/www.vindjeu.eu\/2012\/06\/23\/sherlock-holmes-detective-conseil\/\">Sherlock Holmes: d\u00e9tective conseil<\/a><\/p>\n<p>Et enfin, le nom du lecteur qui a \u00e9t\u00e9 tir\u00e9 au sort pour gagner le jeu\u00a0Santa Cruz\u00a0offert gracieusement par\u00a0<a href=\"http:\/\/www.filosofiagames.com\/\">Filosofia<\/a> est:\u00a0Jean-Christophe Grondin!<\/p>\n<p>F\u00e9licitations \u00e0 Jean-Christophe et merci \u00e0 tous ceux qui ont particp\u00e9 \u00e0 cette \u00e9lection, vous \u00e9tiez tr\u00e8s nombreux et avez fait exploser le record de participation de l&rsquo;ann\u00e9e pass\u00e9e.<\/p>\n<p>Un grand merci!<\/p>\n<p><a href=\"http:\/\/www.vindjeu.eu\/prd\/wp-content\/uploads\/2012\/11\/524-Santa-cruz.jpg\"><img loading=\"lazy\" decoding=\"async\" title=\"524 Santa cruz\" src=\"http:\/\/www.vindjeu.eu\/prd\/wp-content\/uploads\/2012\/11\/524-Santa-cruz.jpg\" alt=\"\" width=\"342\" height=\"500\" \/><\/a><\/p>\n","protected":false},"excerpt":{"rendered":"<p>Notre Vin d&rsquo;jeu d&rsquo;l&rsquo;ann\u00e9e cette ann\u00e9e est: Descendance (Village en anglais) Ce jeu a su regrouper tous nos suffrages. \u00a0Vraiment excellent! _______________________________________________________________________________________________________________________________________________ Comme chaque ann\u00e9e, \u00e0 c\u00f4t\u00e9 du Vin d&rsquo;jeu d&rsquo;l&rsquo;ann\u00e9e, chaque membre de Vin d&rsquo;jeu a l&rsquo;occasion d&rsquo;\u00e9lire son coup de coeur personnel. Nos coups de coeur 2012 SwatSh:&#46;&#46;&#46;<\/p>\n","protected":false},"author":1,"featured_media":0,"parent":454,"menu_order":3,"comment_status":"open","ping_status":"open","template":"","meta":{"_acf_changed":false,"footnotes":""},"class_list":["post-4652","page","type-page","status-publish","hentry"],"acf":[],"_links":{"self":[{"href":"https:\/\/www.vindjeu.eu\/prd\/wp-json\/wp\/v2\/pages\/4652","targetHints":{"allow":["GET"]}}],"collection":[{"href":"https:\/\/www.vindjeu.eu\/prd\/wp-json\/wp\/v2\/pages"}],"about":[{"href":"https:\/\/www.vindjeu.eu\/prd\/wp-json\/wp\/v2\/types\/page"}],"author":[{"embeddable":true,"href":"https:\/\/www.vindjeu.eu\/prd\/wp-json\/wp\/v2\/users\/1"}],"replies":[{"embeddable":true,"href":"https:\/\/www.vindjeu.eu\/prd\/wp-json\/wp\/v2\/comments?post=4652"}],"version-history":[{"count":0,"href":"https:\/\/www.vindjeu.eu\/prd\/wp-json\/wp\/v2\/pages\/4652\/revisions"}],"up":[{"embeddable":true,"href":"https:\/\/www.vindjeu.eu\/prd\/wp-json\/wp\/v2\/pages\/454"}],"wp:attachment":[{"href":"https:\/\/www.vindjeu.eu\/prd\/wp-json\/wp\/v2\/media?parent=4652"}],"curies":[{"name":"wp","href":"https:\/\/api.w.org\/{rel}","templated":true}]}}