{"id":470,"date":"2010-05-26T22:28:52","date_gmt":"2010-05-26T21:28:52","guid":{"rendered":"http:\/\/www.vindjeu.eu\/?page_id=470"},"modified":"2014-10-12T20:02:03","modified_gmt":"2014-10-12T18:02:03","slug":"essen-2009","status":"publish","type":"page","link":"https:\/\/www.vindjeu.eu\/prd\/essen\/essen-2009\/","title":{"rendered":"Essen 2009"},"content":{"rendered":"<p style=\"text-align: center;\"><a href=\"http:\/\/2.bp.blogspot.com\/_ea2yja0GmY8\/SuYcTWbIP2I\/AAAAAAAAAdc\/VNwASckXfgc\/s1600-h\/Essen+2009+1.jpg\"><img decoding=\"async\" id=\"BLOGGER_PHOTO_ID_5397032322212577122\" class=\"aligncenter\" src=\"http:\/\/2.bp.blogspot.com\/_ea2yja0GmY8\/SuYcTWbIP2I\/AAAAAAAAAdc\/VNwASckXfgc\/s400\/Essen+2009+1.jpg\" border=\"0\" alt=\"\" \/><\/a><\/p>\n<h2 style=\"text-align: center;\"><span style=\"color: #000080;\"><strong>Essen\u00a02009, on y \u00e9tait!<\/strong><\/span><\/h2>\n<p>Et on en est revenu,\u00a0snif! Et comme pr\u00e9vu, on est encore sous le charme.<\/p>\n<p>Essen, c&rsquo;est l&rsquo;apoth\u00e9ose d&rsquo;une ann\u00e9e ludique.\u00a0Essen, c&rsquo;est la f\u00eate du jeu, o\u00f9 tous les joueurs se retrouvent, dans une bonne humeur autour du jeu. Et quand je dis une f\u00eate, c&rsquo;est une belle f\u00eate, personne mort bourr\u00e9, pas de violence,&#8230;<br \/>\nEssen, c&rsquo;est l&rsquo;occasion de vivre quelque chose de fort avec ses amis et c&rsquo;est aussi l&rsquo;occasion de rencontrer de nombreuses personnes tr\u00e8s sympathiques.<\/p>\n<p>Essen\u00a02009 a pour moi \u00e9t\u00e9 marqu\u00e9 par la patte Dominion: des boites partout, des tables de jeu partout, des affiches partout, des nouveaux jeux recopiant ses m\u00e9canismes,&#8230;<\/p>\n<p>Br\u00e8ve de blabla, nous avons eu l&rsquo;occasion de jouer \u00e0 16 jeux! Les 16\u00a0posts\u00a0qui suivront, seront les comptes rendus de nos parties jou\u00e9es \u00e0\u00a0Essen. Certains de ces jeux n&rsquo;ont pas \u00e9t\u00e9 jou\u00e9s jusqu&rsquo;au bout, il faut donc prendre ces critiques avec des pincettes.<\/p>\n<p>D\u00e8s demain, je commencerai \u00e0 cr\u00e9er les diff\u00e9rentes fiches. Pour vous faire patienter jusque l\u00e0, je vous livre quelques photos:<\/p>\n<p style=\"text-align: center;\"><a href=\"http:\/\/2.bp.blogspot.com\/_ea2yja0GmY8\/SuYcM4TuUeI\/AAAAAAAAAdU\/ZS_6tmQwNag\/s1600-h\/Essen+2009+2+1.JPG\"><img decoding=\"async\" id=\"BLOGGER_PHOTO_ID_5397032211049239010\" class=\"aligncenter\" src=\"http:\/\/2.bp.blogspot.com\/_ea2yja0GmY8\/SuYcM4TuUeI\/AAAAAAAAAdU\/ZS_6tmQwNag\/s400\/Essen+2009+2+1.JPG\" border=\"0\" alt=\"\" \/><\/a><\/p>\n<p style=\"text-align: center;\"><a href=\"http:\/\/2.bp.blogspot.com\/_ea2yja0GmY8\/SuYcM4TuUeI\/AAAAAAAAAdU\/ZS_6tmQwNag\/s1600-h\/Essen+2009+2+1.JPG\"><\/a>Deux vrais chanteurs\u00a0d&rsquo;op\u00e9ra\u00a0pour le jeu\u00a0Op\u00e9ra!<\/p>\n<div style=\"text-align: center;\"><a href=\"http:\/\/4.bp.blogspot.com\/_ea2yja0GmY8\/SuYb6W9WwrI\/AAAAAAAAAdM\/7jEHH1vHDrk\/s1600-h\/Essen+2009+2+2.JPG\"><img decoding=\"async\" id=\"BLOGGER_PHOTO_ID_5397031892859404978\" src=\"http:\/\/4.bp.blogspot.com\/_ea2yja0GmY8\/SuYb6W9WwrI\/AAAAAAAAAdM\/7jEHH1vHDrk\/s400\/Essen+2009+2+2.JPG\" border=\"0\" alt=\"\" \/><\/a><\/div>\n<div style=\"text-align: center;\"><a href=\"http:\/\/4.bp.blogspot.com\/_ea2yja0GmY8\/SuYb6W9WwrI\/AAAAAAAAAdM\/7jEHH1vHDrk\/s1600-h\/Essen+2009+2+2.JPG\"><\/a>Mais non, il n&rsquo;y a pas trop de monde \ud83d\ude09<\/div>\n<div style=\"text-align: center;\"><\/div>\n<div>\n<div style=\"text-align: center;\"><a href=\"http:\/\/3.bp.blogspot.com\/_ea2yja0GmY8\/SuYbl7x_MQI\/AAAAAAAAAdE\/E7W-0Kx0Kqg\/s1600-h\/Essen+2009+3.JPG\"><img decoding=\"async\" id=\"BLOGGER_PHOTO_ID_5397031541966582018\" src=\"http:\/\/3.bp.blogspot.com\/_ea2yja0GmY8\/SuYbl7x_MQI\/AAAAAAAAAdE\/E7W-0Kx0Kqg\/s400\/Essen+2009+3.JPG\" border=\"0\" alt=\"\" \/><\/a><\/div>\n<div style=\"text-align: center;\"><a href=\"http:\/\/3.bp.blogspot.com\/_ea2yja0GmY8\/SuYbl7x_MQI\/AAAAAAAAAdE\/E7W-0Kx0Kqg\/s1600-h\/Essen+2009+3.JPG\"><\/a>Lors de notre partie de\u00a0Carson\u00a0City, on s&rsquo;y est cru!<\/div>\n<div style=\"text-align: center;\"><\/div>\n<div>\n<div style=\"text-align: center;\"><a href=\"http:\/\/3.bp.blogspot.com\/_ea2yja0GmY8\/SuYbNW1Vh3I\/AAAAAAAAAc8\/XoVDhQUhV0g\/s1600-h\/Essen+2009+6.JPG\"><img decoding=\"async\" id=\"BLOGGER_PHOTO_ID_5397031119731656562\" src=\"http:\/\/3.bp.blogspot.com\/_ea2yja0GmY8\/SuYbNW1Vh3I\/AAAAAAAAAc8\/XoVDhQUhV0g\/s400\/Essen+2009+6.JPG\" border=\"0\" alt=\"\" \/><\/a><\/div>\n<div style=\"text-align: center;\"><a href=\"http:\/\/3.bp.blogspot.com\/_ea2yja0GmY8\/SuYbNW1Vh3I\/AAAAAAAAAc8\/XoVDhQUhV0g\/s1600-h\/Essen+2009+6.JPG\"><\/a>Lors d&rsquo;une partie de\u00a0Strada\u00a0Romana.<\/div>\n<div style=\"text-align: center;\"><\/div>\n<div>\n<div style=\"text-align: center;\"><a href=\"http:\/\/3.bp.blogspot.com\/_ea2yja0GmY8\/SuYa5vLUc-I\/AAAAAAAAAc0\/fxZdJeZztwc\/s1600-h\/Essen+2009+8.JPG\"><img decoding=\"async\" id=\"BLOGGER_PHOTO_ID_5397030782668927970\" src=\"http:\/\/3.bp.blogspot.com\/_ea2yja0GmY8\/SuYa5vLUc-I\/AAAAAAAAAc0\/fxZdJeZztwc\/s400\/Essen+2009+8.JPG\" border=\"0\" alt=\"\" \/><\/a><\/div>\n<div><a href=\"http:\/\/3.bp.blogspot.com\/_ea2yja0GmY8\/SuYa5vLUc-I\/AAAAAAAAAc0\/fxZdJeZztwc\/s1600-h\/Essen+2009+8.JPG\"><\/a>Le jeu des jeux:\u00a0The\u00a0Boardgamegeek\u00a0game! On doit y vendre des jeux\u00a0Ystari,\u00a0Hans\u00a0Im\u00a0Gluck,&#8230;<\/div>\n<div>Vraiment une tr\u00e8s bonne id\u00e9e que ce th\u00e8me. Repris d&rsquo;ailleurs dans une extension de\u00a0Time&rsquo;s\u00a0Up.<\/div>\n<div>Malheureusement, on n&rsquo;a pas eu l&rsquo;occasion d&rsquo;y jouer.<\/p>\n<\/div>\n<div style=\"text-align: center;\"><a href=\"http:\/\/4.bp.blogspot.com\/_ea2yja0GmY8\/SuYajxWQPTI\/AAAAAAAAAcs\/RwyCHm_b3Os\/s1600-h\/Essen+2009+9.JPG\"><img decoding=\"async\" id=\"BLOGGER_PHOTO_ID_5397030405294538034\" src=\"http:\/\/4.bp.blogspot.com\/_ea2yja0GmY8\/SuYajxWQPTI\/AAAAAAAAAcs\/RwyCHm_b3Os\/s400\/Essen+2009+9.JPG\" border=\"0\" alt=\"\" \/><\/a><\/div>\n<div style=\"text-align: center;\"><a href=\"http:\/\/4.bp.blogspot.com\/_ea2yja0GmY8\/SuYajxWQPTI\/AAAAAAAAAcs\/RwyCHm_b3Os\/s1600-h\/Essen+2009+9.JPG\"><\/a>Mais non, on ne s&rsquo;amuse pas \u00e0\u00a0Essen!<\/div>\n<div>SwatSh.<\/div>\n<\/div>\n<\/div>\n<\/div>\n","protected":false},"excerpt":{"rendered":"<p>Essen\u00a02009, on y \u00e9tait! Et on en est revenu,\u00a0snif! Et comme pr\u00e9vu, on est encore sous le charme. Essen, c&rsquo;est l&rsquo;apoth\u00e9ose d&rsquo;une ann\u00e9e ludique.\u00a0Essen, c&rsquo;est la f\u00eate du jeu, o\u00f9 tous les joueurs se retrouvent, dans une bonne humeur autour du jeu. Et quand je dis une f\u00eate, c&rsquo;est une&#46;&#46;&#46;<\/p>\n","protected":false},"author":2,"featured_media":0,"parent":420,"menu_order":0,"comment_status":"open","ping_status":"open","template":"","meta":{"_acf_changed":false,"footnotes":""},"class_list":["post-470","page","type-page","status-publish","hentry"],"acf":[],"_links":{"self":[{"href":"https:\/\/www.vindjeu.eu\/prd\/wp-json\/wp\/v2\/pages\/470","targetHints":{"allow":["GET"]}}],"collection":[{"href":"https:\/\/www.vindjeu.eu\/prd\/wp-json\/wp\/v2\/pages"}],"about":[{"href":"https:\/\/www.vindjeu.eu\/prd\/wp-json\/wp\/v2\/types\/page"}],"author":[{"embeddable":true,"href":"https:\/\/www.vindjeu.eu\/prd\/wp-json\/wp\/v2\/users\/2"}],"replies":[{"embeddable":true,"href":"https:\/\/www.vindjeu.eu\/prd\/wp-json\/wp\/v2\/comments?post=470"}],"version-history":[{"count":0,"href":"https:\/\/www.vindjeu.eu\/prd\/wp-json\/wp\/v2\/pages\/470\/revisions"}],"up":[{"embeddable":true,"href":"https:\/\/www.vindjeu.eu\/prd\/wp-json\/wp\/v2\/pages\/420"}],"wp:attachment":[{"href":"https:\/\/www.vindjeu.eu\/prd\/wp-json\/wp\/v2\/media?parent=470"}],"curies":[{"name":"wp","href":"https:\/\/api.w.org\/{rel}","templated":true}]}}