{"id":6770,"date":"2013-12-18T15:49:56","date_gmt":"2013-12-18T14:49:56","guid":{"rendered":"http:\/\/www.vindjeu.eu\/?page_id=6770"},"modified":"2014-10-12T20:07:56","modified_gmt":"2014-10-12T18:07:56","slug":"2013-2","status":"publish","type":"page","link":"https:\/\/www.vindjeu.eu\/prd\/vin-djeu-dlannee\/2013-2\/","title":{"rendered":"2013"},"content":{"rendered":"<p style=\"text-align: center;\"><a href=\"http:\/\/www.vindjeu.eu\/prd\/wp-content\/uploads\/2013\/11\/bouteille-vin-d-jeu-2013.jpg\"><img loading=\"lazy\" decoding=\"async\" title=\"bouteille vin d jeu 2013\" src=\"http:\/\/www.vindjeu.eu\/prd\/wp-content\/uploads\/2013\/11\/bouteille-vin-d-jeu-2013.jpg\" alt=\"\" width=\"245\" height=\"526\" \/><\/a><\/p>\n<h3 style=\"text-align: center;\"><strong>Le Vin d&rsquo;jeu d&rsquo;l&rsquo;ann\u00e9e 2013 est&#8230;<\/strong><\/h3>\n<p style=\"text-align: center;\"><a href=\"http:\/\/www.vindjeu.eu\/2013\/03\/11\/tzolkin-the-mayan-calendar\/\" target=\"_blank\"><img loading=\"lazy\" decoding=\"async\" title=\"651 Tzolkin\" src=\"http:\/\/www.vindjeu.eu\/prd\/wp-content\/uploads\/2013\/11\/651-Tzolkin.jpg\" alt=\"\" width=\"350\" height=\"350\" \/><\/a><\/p>\n<p style=\"text-align: center;\"><strong><a href=\"http:\/\/www.vindjeu.eu\/2013\/03\/11\/tzolkin-the-mayan-calendar\/\" target=\"_blank\">Tzolk&rsquo;in the Mayan Calendar\u00a0<\/a><\/strong><\/p>\n<p style=\"text-align: center;\">Et oui, ce n&rsquo;\u00e9tait pas trop difficile \u00e0 trouver.\u00a0 En effet,\u00a0<a href=\"http:\/\/www.vindjeu.eu\/2013\/03\/11\/tzolkin-the-mayan-calendar\/\" target=\"_blank\">Tzolk&rsquo;in the Mayan Calendar\u00a0<\/a>a r\u00e9colt\u00e9 tous nos suffrages: 4 \u00ab\u00a010\/10\u00a0\u00bb et 2 \u00ab\u00a09,5\/10\u00a0\u00bb.\u00a0 Jamais dans l&rsquo;histoire de Vin d&rsquo;jeu, un jeu n&rsquo;a re\u00e7u une telle unanimit\u00e9.\u00a0\u00a0 Cette ann\u00e9e, il n&rsquo;y avait pas photo, aucune discussion entre nous, nous \u00e9tions tous d&rsquo;accord tant Tzolk&rsquo;in r\u00e9pond \u00e0 toutes nos attentes envers un jeu: compliqu\u00e9 mais pas trop, dur\u00e9e moyenne, strat\u00e9gique et tactique, interactivit\u00e9, m\u00e9canismes innovants,&#8230;\u00a0 Bravo \u00e0 son auteur et ses \u00e9diteurs et surtout merci \u00e0 eux\u00a0de nous avoir livr\u00e9 un jeu de cette qualit\u00e9.<\/p>\n<p style=\"text-align: center;\">_____________<\/p>\n<p style=\"text-align: center;\">Cette ann\u00e9e, j&rsquo;ai d\u00e9cid\u00e9 de placer votre choix,\u00a0<strong>le vin d&rsquo;jeu des lecteurs\u00a0<\/strong>en second dans ce post, contrairement aux ann\u00e9es pr\u00e9c\u00e9dentes o\u00f9 il se pla\u00e7ait en dessous de nos coups de c\u0153urs.\u00a0 Et m\u00eame si \u00e7a peut para\u00eetre un d\u00e9tail pour vous, pour moi \u00e7a veut dire beaucoup ;-).\u00a0 En effet, vous prenez de plus en plus d&rsquo;ampleur.\u00a0 Cette ann\u00e9e fut l&rsquo;ann\u00e9e de tous les records pour Vin d&rsquo;jeu.\u00a0 Le nombre de visites a plus que doubl\u00e9 en un an et la moyenne des visites mensuelles \u00e9galement.\u00a0 Vous \u00eates de plus en plus nombreux \u00e0 nous suivre et de plus en plus fr\u00e9quemment.\u00a0 Vous laissez plus de commentaires sur le site.\u00a0 Merci \u00e0 vous\u00a0pour votre confiance.\u00a0 De plus, le nombre de participants au vote du\u00a0<strong>Vin d&rsquo;jeu d&rsquo;l&rsquo;ann\u00e9e des lecteurs\u00a0<\/strong>a plus que doubl\u00e9 par rapport \u00e0 l&rsquo;ann\u00e9e pass\u00e9e.\u00a0 Il y a m\u00eame des auteurs et des \u00e9diteurs qui ont particip\u00e9!\u00a0 Bon, \u00e7a m&rsquo;a fait plus de boulot et \u00e7a c&rsquo;est pas sympa ;-).\u00a0 Mais surtout, cela fait que on peut vraiment donner une valeur statistique \u00e0 vos votes.\u00a0 Oui, ils ont une valeur et m\u00e9rit\u00e9e qui plus est.\u00a0 Et donc, dor\u00e9navant, le Vin d&rsquo;jeu des lecteurs est second dans ce r\u00e9capitulatif annuel.<\/p>\n<h3 style=\"text-align: center;\"><strong>Le Vin d&rsquo;jeu des lecteurs est&#8230;<\/strong><\/h3>\n<p style=\"text-align: center;\"><a href=\"http:\/\/www.vindjeu.eu\/2013\/07\/02\/terra-mystica\/\" target=\"_blank\"><img loading=\"lazy\" decoding=\"async\" title=\"680 Terra M\" src=\"http:\/\/www.vindjeu.eu\/prd\/wp-content\/uploads\/2013\/11\/680-Terra-M.jpg\" alt=\"\" width=\"356\" height=\"500\" \/><\/a><\/p>\n<p style=\"text-align: center;\"><a href=\"http:\/\/www.vindjeu.eu\/2013\/07\/02\/terra-mystica\/\" target=\"_blank\"><strong>Terra Mystica<\/strong><\/a><\/p>\n<p style=\"text-align: center;\">F\u00e9licitation \u00e0 ses auteurs (Helge et Jens) et \u00e9diteurs (Filosofia &amp; Feuerland Spiele)\u00a0&amp; merci ;-).<\/p>\n<p style=\"text-align: center;\">Votre top\u00a04 est (ces 4 jeux se sont vraiment bien d\u00e9tach\u00e9s des autres):<br \/>\n1)\u00a0<a href=\"http:\/\/www.vindjeu.eu\/2013\/07\/02\/terra-mystica\/\" target=\"_blank\">Terra Mystica<\/a><br \/>\n2)\u00a0<a href=\"http:\/\/www.vindjeu.eu\/2013\/03\/11\/tzolkin-the-mayan-calendar\/\" target=\"_blank\">Tzolk&rsquo;in the Mayan Calendar<\/a><br \/>\n3)\u00a0<a href=\"http:\/\/www.vindjeu.eu\/2013\/06\/24\/keyflower\/\" target=\"_blank\">Keyflower<\/a><br \/>\n4)\u00a0<a href=\"http:\/\/www.vindjeu.eu\/2013\/03\/31\/myrmes\/\" target=\"_blank\">Myrmes<\/a><\/p>\n<p style=\"text-align: center;\"><a href=\"http:\/\/www.vindjeu.eu\/prd\/wp-content\/uploads\/2013\/11\/651-Quitte-ou-double-1.png\"><img loading=\"lazy\" decoding=\"async\" class=\"aligncenter\" title=\"651 Quitte ou double 1\" src=\"http:\/\/www.vindjeu.eu\/prd\/wp-content\/uploads\/2013\/11\/651-Quitte-ou-double-1.png\" alt=\"\" width=\"202\" height=\"226\" \/><\/a>Les deux lecteurs ayant remport\u00e9s un exemplaire de<a href=\"http:\/\/www.asmodee.com\/ressources\/jeux_versions\/quitte-ou-double.php\" target=\"_blank\">\u00a0Quitte ou Double<\/a>\u00a0sont\u00a0Kevin V\u00a0et\u00a0Julien R.\u00a0 Le jeu leur parviendra bient\u00f4t.\u00a0 F\u00e9licitations \u00e0 eux deux et encore merci aux autres pour votre participations.<\/p>\n<p style=\"text-align: center;\">Et encore un grand merci \u00e0 Asmod\u00e9e de g\u00e2ter nos lecteurs de cette mani\u00e8re.<\/p>\n<p style=\"text-align: center;\">\u00a0____________<\/p>\n<p style=\"text-align: center;\">\u00a0<a href=\"http:\/\/www.vindjeu.eu\/prd\/wp-content\/uploads\/2013\/11\/vindjeu-verre-sans-fond.jpg\"><img loading=\"lazy\" decoding=\"async\" title=\"vind'jeu verre sans fond\" src=\"http:\/\/www.vindjeu.eu\/prd\/wp-content\/uploads\/2013\/11\/vindjeu-verre-sans-fond.jpg\" alt=\"\" width=\"211\" height=\"277\" \/><\/a><\/p>\n<p style=\"text-align: center;\">L&rsquo;heure est venue de vous pr\u00e9senter nos coups de c\u0153ur.<\/p>\n<h3 style=\"text-align: center;\"><strong>Alors, le coup d&rsquo;c\u0153ur de&#8230;<\/strong><\/h3>\n<p style=\"text-align: center;\"><strong>SwatSh<\/strong>:<\/p>\n<p style=\"text-align: center;\"><a href=\"http:\/\/www.vindjeu.eu\/2013\/06\/01\/co2-aide-de-jeu\/\" target=\"_blank\"><img loading=\"lazy\" decoding=\"async\" title=\"651 Co2\" src=\"http:\/\/www.vindjeu.eu\/prd\/wp-content\/uploads\/2013\/11\/651-Co2.jpg\" alt=\"\" width=\"349\" height=\"350\" \/><\/a><\/p>\n<p style=\"text-align: center;\"><strong><a href=\"http:\/\/www.vindjeu.eu\/2013\/06\/01\/co2-aide-de-jeu\/\" target=\"_blank\">CO2<\/a><\/strong><\/p>\n<p style=\"text-align: center;\">____________<\/p>\n<p style=\"text-align: center;\"><strong>Philrey212<\/strong>:<\/p>\n<p style=\"text-align: center;\"><a href=\"http:\/\/www.vindjeu.eu\/2013\/03\/17\/noblemen\/\" target=\"_blank\"><img loading=\"lazy\" decoding=\"async\" title=\"651 noblemen\" src=\"http:\/\/www.vindjeu.eu\/prd\/wp-content\/uploads\/2013\/11\/651-noblemen.jpg\" alt=\"\" width=\"350\" height=\"350\" \/><\/a><\/p>\n<p style=\"text-align: center;\"><strong><a href=\"http:\/\/www.vindjeu.eu\/2013\/03\/17\/noblemen\/\" target=\"_blank\">Noblemen\u00a0<\/a><\/strong><\/p>\n<p style=\"text-align: center;\">____________<\/p>\n<p style=\"text-align: center;\"><strong>Thierry<\/strong>:<\/p>\n<p style=\"text-align: center;\"><a href=\"http:\/\/www.vindjeu.eu\/2013\/07\/02\/terra-mystica\/\" target=\"_blank\"><img loading=\"lazy\" decoding=\"async\" title=\"651 Terra Mystica\" src=\"http:\/\/www.vindjeu.eu\/prd\/wp-content\/uploads\/2013\/11\/651-Terra-Mystica.jpg\" alt=\"\" width=\"284\" height=\"400\" \/><\/a><\/p>\n<p style=\"text-align: center;\"><strong><a href=\"http:\/\/www.vindjeu.eu\/2013\/07\/02\/terra-mystica\/\" target=\"_blank\">Terra Mystica<\/a><\/strong><\/p>\n<p style=\"text-align: center;\">____________<\/p>\n<p style=\"text-align: center;\"><strong>Dan<\/strong>:<\/p>\n<p style=\"text-align: center;\"><a href=\"http:\/\/www.vindjeu.eu\/2013\/07\/30\/les-aventuriers-du-rail-asie\/\" target=\"_blank\"><img loading=\"lazy\" decoding=\"async\" title=\"651 Aventuriers du rail\" src=\"http:\/\/www.vindjeu.eu\/prd\/wp-content\/uploads\/2013\/11\/651-Aventuriers-du-rail.jpg\" alt=\"\" width=\"350\" height=\"350\" \/><\/a><\/p>\n<p style=\"text-align: center;\"><strong><a href=\"http:\/\/www.vindjeu.eu\/2013\/07\/30\/les-aventuriers-du-rail-asie\/\" target=\"_blank\">Les Aventuriers du Rail Asie<\/a><\/strong><\/p>\n<p style=\"text-align: center;\">____________<\/p>\n<p style=\"text-align: center;\"><strong>Benoit<\/strong>:<\/p>\n<p style=\"text-align: center;\">\u00a0<a href=\"http:\/\/www.vindjeu.eu\/2013\/06\/24\/keyflower\/\" target=\"_blank\"><img loading=\"lazy\" decoding=\"async\" title=\"651 Keyflower\" src=\"http:\/\/www.vindjeu.eu\/prd\/wp-content\/uploads\/2013\/11\/651-Keyflower.jpg\" alt=\"\" width=\"350\" height=\"252\" \/><\/a><\/p>\n<p style=\"text-align: center;\"><strong><a href=\"http:\/\/www.vindjeu.eu\/2013\/06\/24\/keyflower\/\" target=\"_blank\">Keyflower<\/a><\/strong><\/p>\n<p style=\"text-align: center;\">____________<\/p>\n<p style=\"text-align: center;\"><strong>Raf<\/strong>:<\/p>\n<p style=\"text-align: center;\"><a href=\"http:\/\/www.vindjeu.eu\/2013\/02\/20\/mutant-meeples\/\" target=\"_blank\"><img loading=\"lazy\" decoding=\"async\" title=\"651 Mutant m\" src=\"http:\/\/www.vindjeu.eu\/prd\/wp-content\/uploads\/2013\/11\/651-Mutant-m.jpg\" alt=\"\" width=\"350\" height=\"350\" \/><\/a><\/p>\n<p style=\"text-align: center;\"><strong><a href=\"http:\/\/www.vindjeu.eu\/2013\/02\/20\/mutant-meeples\/\" target=\"_blank\">Mutant Meeples\u00a0<\/a><\/strong><\/p>\n<p style=\"text-align: center;\">___________<\/p>\n<p style=\"text-align: center;\">Et voil\u00e0 pour 2013.\u00a0 Tr\u00e8s grande ann\u00e9e.\u00a0 On aurait tellement voulu r\u00e9compenser d&rsquo;autres jeux tels que\u00a0<a href=\"http:\/\/www.vindjeu.eu\/2013\/06\/05\/bora-bora\/\" target=\"_blank\">Bora Bora<\/a>,\u00a0<a href=\"http:\/\/www.vindjeu.eu\/2013\/09\/24\/le-havre-le-port-fluvial\/\" target=\"_blank\">Le Havre Port Fluvial<\/a>,\u00a0<a href=\"http:\/\/www.vindjeu.eu\/2013\/03\/31\/myrmes\/\" target=\"_blank\">Myrmes<\/a>,\u00a0<a href=\"http:\/\/www.vindjeu.eu\/2012\/10\/27\/oddville\/\" target=\"_blank\">Oddville<\/a>,\u00a0<a href=\"http:\/\/www.vindjeu.eu\/2013\/05\/22\/asgard\/\" target=\"_blank\">Asgard<\/a>,\u00a0<a href=\"http:\/\/www.vindjeu.eu\/2013\/04\/08\/il-vecchio\/\" target=\"_blank\">Il Vecchio<\/a>,\u00a0<a href=\"http:\/\/www.vindjeu.eu\/2013\/02\/23\/copycat-fremde-federn\/\" target=\"_blank\">Copycat<\/a>,\u00a0<a href=\"http:\/\/www.vindjeu.eu\/2013\/06\/13\/the-great-zimbabwe\/\" target=\"_blank\">The Great Zimbabwe<\/a>,\u00a0<a href=\"http:\/\/www.vindjeu.eu\/2013\/02\/06\/ascension-des-ames-dechainees\/\" target=\"_blank\">Ascension\u00a0<\/a>et tant d&rsquo;autres.\u00a0 Et oui 2013 fut une grande ann\u00e9e.\u00a0 Mais l&rsquo;ann\u00e9e 2014 s&rsquo;annonce pas mal non plus&#8230; \ud83d\ude00<\/p>\n<p style=\"text-align: center;\">Amusez-vous bien!<\/p>\n<p style=\"text-align: center;\">SwatSh et toute l&rsquo;\u00e9quipe de Vin d&rsquo;jeu.<\/p>\n","protected":false},"excerpt":{"rendered":"<p>Le Vin d&rsquo;jeu d&rsquo;l&rsquo;ann\u00e9e 2013 est&#8230; Tzolk&rsquo;in the Mayan Calendar\u00a0 Et oui, ce n&rsquo;\u00e9tait pas trop difficile \u00e0 trouver.\u00a0 En effet,\u00a0Tzolk&rsquo;in the Mayan Calendar\u00a0a r\u00e9colt\u00e9 tou\u00a0\u00bb.\u00a0 Jamais dans l&rsquo;histoire de Vin d&rsquo;jeu, un jeu n&rsquo;a re\u00e7u une telle unanimit\u00e9.\u00a0\u00a0 Cette ann\u00e9e, il n&rsquo;y&#46;&#46;&#46;<\/p>\n","protected":false},"author":1,"featured_media":0,"parent":454,"menu_order":4,"comment_status":"open","ping_status":"open","template":"","meta":{"_acf_changed":false,"footnotes":""},"class_list":["post-6770","page","type-page","status-publish","hentry"],"acf":[],"_links":{"self":[{"href":"https:\/\/www.vindjeu.eu\/prd\/wp-json\/wp\/v2\/pages\/6770","targetHints":{"allow":["GET"]}}],"collection":[{"href":"https:\/\/www.vindjeu.eu\/prd\/wp-json\/wp\/v2\/pages"}],"about":[{"href":"https:\/\/www.vindjeu.eu\/prd\/wp-json\/wp\/v2\/types\/page"}],"author":[{"embeddable":true,"href":"https:\/\/www.vindjeu.eu\/prd\/wp-json\/wp\/v2\/users\/1"}],"replies":[{"embeddable":true,"href":"https:\/\/www.vindjeu.eu\/prd\/wp-json\/wp\/v2\/comments?post=6770"}],"version-history":[{"count":0,"href":"https:\/\/www.vindjeu.eu\/prd\/wp-json\/wp\/v2\/pages\/6770\/revisions"}],"up":[{"embeddable":true,"href":"https:\/\/www.vindjeu.eu\/prd\/wp-json\/wp\/v2\/pages\/454"}],"wp:attachment":[{"href":"https:\/\/www.vindjeu.eu\/prd\/wp-json\/wp\/v2\/media?parent=6770"}],"curies":[{"name":"wp","href":"https:\/\/api.w.org\/{rel}","templated":true}]}}